{"id":996,"date":"2024-03-21T16:35:28","date_gmt":"2024-03-21T16:35:28","guid":{"rendered":"https:\/\/casadolivreiro.pt\/?post_type=product&#038;p=996"},"modified":"2024-03-21T16:35:46","modified_gmt":"2024-03-21T16:35:46","slug":"os-limites-da-ciencia-vol-3-actas-dos-v-cursos-internacionais-de-verao-de-cascais","status":"publish","type":"product","link":"https:\/\/casadolivreiro.pt\/index.php\/product\/os-limites-da-ciencia-vol-3-actas-dos-v-cursos-internacionais-de-verao-de-cascais\/","title":{"rendered":"OS LIMITES DA CI\u00caNCIA  Vol.3, Actas dos V Cursos Internacionais de Ver\u00e3o de Cascais"},"content":{"rendered":"<p>OS LIMITES DA CI\u00caNCIA\u00a0 Vol.3<br \/>\nActas dos V Cursos Internacionais de Ver\u00e3o de Cascais<br \/>\nISBN: 972-637-069-8<br \/>\nAno de edi\u00e7\u00e3o: 1999<br \/>\nEditor: C\u00e2mara Municipal de Cascais<br \/>\nIdioma: Portugu\u00eas<br \/>\nDimens\u00f5es: 17 x 1.3 x 24 cm<br \/>\nEncaderna\u00e7\u00e3o: Capa mole<br \/>\nP\u00e1ginas: 178<\/p>\n","protected":false},"excerpt":{"rendered":"<p>OS LIMITES DA CI\u00caNCIA\u00a0 Vol.3 Actas dos V Cursos Internacionais de Ver\u00e3o de Cascais ISBN: 972-637-069-8 Ano de edi\u00e7\u00e3o: 1999 Editor: C\u00e2mara Municipal de Cascais Idioma: Portugu\u00eas Dimens\u00f5es: 17 x 1.3 x 24 cm Encaderna\u00e7\u00e3o: Capa mole P\u00e1ginas: 178<\/p>\n","protected":false},"featured_media":997,"comment_status":"open","ping_status":"closed","template":"","meta":{"om_disable_all_campaigns":false,"_monsterinsights_skip_tracking":false,"_monsterinsights_sitenote_active":false,"_monsterinsights_sitenote_note":"","_monsterinsights_sitenote_category":0,"_uf_show_specific_survey":0,"_uf_disable_surveys":false},"product_cat":[32],"product_tag":[],"aioseo_notices":[],"jetpack_sharing_enabled":true,"_links":{"self":[{"href":"https:\/\/casadolivreiro.pt\/index.php\/wp-json\/wp\/v2\/product\/996"}],"collection":[{"href":"https:\/\/casadolivreiro.pt\/index.php\/wp-json\/wp\/v2\/product"}],"about":[{"href":"https:\/\/casadolivreiro.pt\/index.php\/wp-json\/wp\/v2\/types\/product"}],"replies":[{"embeddable":true,"href":"https:\/\/casadolivreiro.pt\/index.php\/wp-json\/wp\/v2\/comments?post=996"}],"wp:featuredmedia":[{"embeddable":true,"href":"https:\/\/casadolivreiro.pt\/index.php\/wp-json\/wp\/v2\/media\/997"}],"wp:attachment":[{"href":"https:\/\/casadolivreiro.pt\/index.php\/wp-json\/wp\/v2\/media?parent=996"}],"wp:term":[{"taxonomy":"product_cat","embeddable":true,"href":"https:\/\/casadolivreiro.pt\/index.php\/wp-json\/wp\/v2\/product_cat?post=996"},{"taxonomy":"product_tag","embeddable":true,"href":"https:\/\/casadolivreiro.pt\/index.php\/wp-json\/wp\/v2\/product_tag?post=996"}],"curies":[{"name":"wp","href":"https:\/\/api.w.org\/{rel}","templated":true}]}}