{"id":992,"date":"2024-03-21T16:28:26","date_gmt":"2024-03-21T16:28:26","guid":{"rendered":"https:\/\/casadolivreiro.pt\/?post_type=product&#038;p=992"},"modified":"2024-03-21T16:28:26","modified_gmt":"2024-03-21T16:28:26","slug":"hombre-tiempo-y-fosiles-dimension-historica-de-la-vida-r-moore-version-espanola-procogo-y-apendice-por-miguel-crusafont-pairo","status":"publish","type":"product","link":"https:\/\/casadolivreiro.pt\/index.php\/product\/hombre-tiempo-y-fosiles-dimension-historica-de-la-vida-r-moore-version-espanola-procogo-y-apendice-por-miguel-crusafont-pairo\/","title":{"rendered":"HOMBRE TIEMPO Y F\u00d3SILES: Dimensi\u00f3n Hist\u00f3rica de la vida &#8211;  R. Moore Versi\u00f3n espa\u00f1ola, pr\u00f3\u00e7ogo y ap\u00eandice por Miguel Crusafont Pair\u00f3"},"content":{"rendered":"<p>HOMBRE TIEMPO Y F\u00d3SILES: Dimensi\u00f3n Hist\u00f3rica de la vida<br \/>\nR. Moore<br \/>\nVersi\u00f3n espa\u00f1ola, pr\u00f3\u00e7ogo y ap\u00eandice por Miguel Crusafont Pair\u00f3<br \/>\nAno de edi\u00e7\u00e3o:\u00a0 1964<br \/>\nEditor: Editorial Labor, S.A. Barcelona<br \/>\nIdioma: Espanhol<br \/>\nDimens\u00f5es: 15 x 3 x 22 cm<br \/>\nEncaderna\u00e7\u00e3o: Capa dura.<br \/>\nP\u00e1ginas: 465<\/p>\n","protected":false},"excerpt":{"rendered":"<p>HOMBRE TIEMPO Y F\u00d3SILES: Dimensi\u00f3n Hist\u00f3rica de la vida R. Moore Versi\u00f3n espa\u00f1ola, pr\u00f3\u00e7ogo y ap\u00eandice por Miguel Crusafont Pair\u00f3 Ano de edi\u00e7\u00e3o:\u00a0 1964 Editor: Editorial Labor, S.A. Barcelona Idioma: Espanhol Dimens\u00f5es: 15 x 3 x 22 cm Encaderna\u00e7\u00e3o: Capa dura. P\u00e1ginas: 465<\/p>\n","protected":false},"featured_media":993,"comment_status":"open","ping_status":"closed","template":"","meta":{"om_disable_all_campaigns":false,"_monsterinsights_skip_tracking":false,"_monsterinsights_sitenote_active":false,"_monsterinsights_sitenote_note":"","_monsterinsights_sitenote_category":0,"_uf_show_specific_survey":0,"_uf_disable_surveys":false},"product_cat":[32,57],"product_tag":[],"aioseo_notices":[],"jetpack_sharing_enabled":true,"_links":{"self":[{"href":"https:\/\/casadolivreiro.pt\/index.php\/wp-json\/wp\/v2\/product\/992"}],"collection":[{"href":"https:\/\/casadolivreiro.pt\/index.php\/wp-json\/wp\/v2\/product"}],"about":[{"href":"https:\/\/casadolivreiro.pt\/index.php\/wp-json\/wp\/v2\/types\/product"}],"replies":[{"embeddable":true,"href":"https:\/\/casadolivreiro.pt\/index.php\/wp-json\/wp\/v2\/comments?post=992"}],"wp:featuredmedia":[{"embeddable":true,"href":"https:\/\/casadolivreiro.pt\/index.php\/wp-json\/wp\/v2\/media\/993"}],"wp:attachment":[{"href":"https:\/\/casadolivreiro.pt\/index.php\/wp-json\/wp\/v2\/media?parent=992"}],"wp:term":[{"taxonomy":"product_cat","embeddable":true,"href":"https:\/\/casadolivreiro.pt\/index.php\/wp-json\/wp\/v2\/product_cat?post=992"},{"taxonomy":"product_tag","embeddable":true,"href":"https:\/\/casadolivreiro.pt\/index.php\/wp-json\/wp\/v2\/product_tag?post=992"}],"curies":[{"name":"wp","href":"https:\/\/api.w.org\/{rel}","templated":true}]}}