{"id":990,"date":"2024-03-21T16:20:46","date_gmt":"2024-03-21T16:20:46","guid":{"rendered":"https:\/\/casadolivreiro.pt\/?post_type=product&#038;p=990"},"modified":"2024-03-21T16:20:46","modified_gmt":"2024-03-21T16:20:46","slug":"lexocoteca-moderno-dicionario-da-lingua-portuguesa-2-volumes","status":"publish","type":"product","link":"https:\/\/casadolivreiro.pt\/index.php\/product\/lexocoteca-moderno-dicionario-da-lingua-portuguesa-2-volumes\/","title":{"rendered":"LEXOCOTECA: MODERNO DICION\u00c1RIO DA L\u00cdNGUA PORTUGUESA ( 2 Volumes)"},"content":{"rendered":"<p>LEXOCOTECA: MODERNO DICION\u00c1RIO DA L\u00cdNGUA PORTUGUESA ( 2 Volumes)<br \/>\nAno de edi\u00e7\u00e3o:\u00a0 1985<br \/>\nEditor: C\u00edrculo de Leitores. Lisboa<br \/>\nIdioma: Portugu\u00eas<br \/>\nDimens\u00f5es: 20 x v\u00e1rios x 27 cm<br \/>\nEncaderna\u00e7\u00e3o: Capa dura.<br \/>\nP\u00e1ginas: 470 e 557<\/p>\n<p>Volume 1. A-L [Volume 2. M-Z]. 2 Volumes de 27&#215;20 cm. Com xlviii, 1410; [iv], 1671 colunas. Encaderna\u00e7\u00e3o em percalina preta com nervos, ferros a ouro e 2 r\u00f3tulos azuis. Texto impresso a tr\u00eas colunas por p\u00e1gina com a numera\u00e7\u00e3o correspondente \u00e0s colunas em algarismos \u00e1rabes, assim a pagina\u00e7\u00e3o do volume, toda em p\u00e1ginas, \u00e9 &#8211; xlviii, 470; [iv], 557 p\u00e1gs.<\/p>\n","protected":false},"excerpt":{"rendered":"<p>LEXOCOTECA: MODERNO DICION\u00c1RIO DA L\u00cdNGUA PORTUGUESA ( 2 Volumes) Ano de edi\u00e7\u00e3o:\u00a0 1985 Editor: C\u00edrculo de Leitores. Lisboa Idioma: Portugu\u00eas Dimens\u00f5es: 20 x v\u00e1rios x 27 cm Encaderna\u00e7\u00e3o: Capa dura. P\u00e1ginas: 470 e 557 Volume 1. A-L [Volume 2. M-Z]. 2 Volumes de 27&#215;20 cm. Com xlviii, 1410; [iv], 1671 colunas. Encaderna\u00e7\u00e3o em percalina preta [&hellip;]<\/p>\n","protected":false},"featured_media":991,"comment_status":"open","ping_status":"closed","template":"","meta":{"om_disable_all_campaigns":false,"_monsterinsights_skip_tracking":false,"_monsterinsights_sitenote_active":false,"_monsterinsights_sitenote_note":"","_monsterinsights_sitenote_category":0,"_uf_show_specific_survey":0,"_uf_disable_surveys":false},"product_cat":[46,45],"product_tag":[],"aioseo_notices":[],"jetpack_sharing_enabled":true,"_links":{"self":[{"href":"https:\/\/casadolivreiro.pt\/index.php\/wp-json\/wp\/v2\/product\/990"}],"collection":[{"href":"https:\/\/casadolivreiro.pt\/index.php\/wp-json\/wp\/v2\/product"}],"about":[{"href":"https:\/\/casadolivreiro.pt\/index.php\/wp-json\/wp\/v2\/types\/product"}],"replies":[{"embeddable":true,"href":"https:\/\/casadolivreiro.pt\/index.php\/wp-json\/wp\/v2\/comments?post=990"}],"wp:featuredmedia":[{"embeddable":true,"href":"https:\/\/casadolivreiro.pt\/index.php\/wp-json\/wp\/v2\/media\/991"}],"wp:attachment":[{"href":"https:\/\/casadolivreiro.pt\/index.php\/wp-json\/wp\/v2\/media?parent=990"}],"wp:term":[{"taxonomy":"product_cat","embeddable":true,"href":"https:\/\/casadolivreiro.pt\/index.php\/wp-json\/wp\/v2\/product_cat?post=990"},{"taxonomy":"product_tag","embeddable":true,"href":"https:\/\/casadolivreiro.pt\/index.php\/wp-json\/wp\/v2\/product_tag?post=990"}],"curies":[{"name":"wp","href":"https:\/\/api.w.org\/{rel}","templated":true}]}}