{"id":988,"date":"2024-03-21T16:16:12","date_gmt":"2024-03-21T16:16:12","guid":{"rendered":"https:\/\/casadolivreiro.pt\/?post_type=product&#038;p=988"},"modified":"2024-03-21T16:16:12","modified_gmt":"2024-03-21T16:16:12","slug":"lexicoteca-ciencia-e-tecnica-4-volumes","status":"publish","type":"product","link":"https:\/\/casadolivreiro.pt\/index.php\/product\/lexicoteca-ciencia-e-tecnica-4-volumes\/","title":{"rendered":"LEXICOTECA &#8211; CI\u00caNCIA E T\u00c9CNICA. (4 VOLUMES )"},"content":{"rendered":"<p>LEXICOTECA &#8211; CI\u00caNCIA E T\u00c9CNICA. (4 VOLUMES )<br \/>\nAno de edi\u00e7\u00e3o:\u00a0 1990<br \/>\nEditor: C\u00edrculo de Leitores. Lisboa<br \/>\nIdioma: Portugu\u00eas<br \/>\nDimens\u00f5es: 20 x v\u00e1rios x 27 cm<br \/>\nEncaderna\u00e7\u00e3o: Capa dura. Encaderna\u00e7\u00f5es em percalina com nervos, 2 r\u00f3tulos e ferros a ouro.<br \/>\nP\u00e1ginas: v\u00e1rios<br \/>\n1.\u00aa Edi\u00e7\u00e3o. Reimpress\u00e3o. Lexicoteca. Lexicultural. Amadora. 1994.<br \/>\n4 Volumes com 305; 288, [i]; 307, [i]; 301, [i] p\u00e1gs. Encaderna\u00e7\u00f5es do editor. Profusamente ilustrados a cores no texto; volume IV cont\u00e9m ilustra\u00e7\u00e3o extratexto em acetato com esquema da estrutura de um Airbus A300.<\/p>\n<p>I -Esbo\u00e7o Hist\u00f3rico, Mec\u00e2nica, Termodin\u00e2mica, Ci\u00eancia &#8211; Sociedade<\/p>\n<p>II \u2013 Electricidade, Electr\u00f3nica, Estrutura da mat\u00e9ria, N\u00facleo At\u00f3mico<\/p>\n<p>III- Elementos Qu\u00edmicos, Processos Qu\u00edmicos, Cosmos, Atmosfera e Tempo<\/p>\n<p>IV \u2013 A terra e os seus tesouros, A Explora\u00e7\u00e3o da Terra<\/p>\n","protected":false},"excerpt":{"rendered":"<p>LEXICOTECA &#8211; CI\u00caNCIA E T\u00c9CNICA. (4 VOLUMES ) Ano de edi\u00e7\u00e3o:\u00a0 1990 Editor: C\u00edrculo de Leitores. Lisboa Idioma: Portugu\u00eas Dimens\u00f5es: 20 x v\u00e1rios x 27 cm Encaderna\u00e7\u00e3o: Capa dura. Encaderna\u00e7\u00f5es em percalina com nervos, 2 r\u00f3tulos e ferros a ouro. P\u00e1ginas: v\u00e1rios 1.\u00aa Edi\u00e7\u00e3o. Reimpress\u00e3o. Lexicoteca. Lexicultural. Amadora. 1994. 4 Volumes com 305; 288, [i]; [&hellip;]<\/p>\n","protected":false},"featured_media":989,"comment_status":"open","ping_status":"closed","template":"","meta":{"om_disable_all_campaigns":false,"_monsterinsights_skip_tracking":false,"_monsterinsights_sitenote_active":false,"_monsterinsights_sitenote_note":"","_monsterinsights_sitenote_category":0,"_uf_show_specific_survey":0,"_uf_disable_surveys":false},"product_cat":[32,46],"product_tag":[],"aioseo_notices":[],"jetpack_sharing_enabled":true,"_links":{"self":[{"href":"https:\/\/casadolivreiro.pt\/index.php\/wp-json\/wp\/v2\/product\/988"}],"collection":[{"href":"https:\/\/casadolivreiro.pt\/index.php\/wp-json\/wp\/v2\/product"}],"about":[{"href":"https:\/\/casadolivreiro.pt\/index.php\/wp-json\/wp\/v2\/types\/product"}],"replies":[{"embeddable":true,"href":"https:\/\/casadolivreiro.pt\/index.php\/wp-json\/wp\/v2\/comments?post=988"}],"wp:featuredmedia":[{"embeddable":true,"href":"https:\/\/casadolivreiro.pt\/index.php\/wp-json\/wp\/v2\/media\/989"}],"wp:attachment":[{"href":"https:\/\/casadolivreiro.pt\/index.php\/wp-json\/wp\/v2\/media?parent=988"}],"wp:term":[{"taxonomy":"product_cat","embeddable":true,"href":"https:\/\/casadolivreiro.pt\/index.php\/wp-json\/wp\/v2\/product_cat?post=988"},{"taxonomy":"product_tag","embeddable":true,"href":"https:\/\/casadolivreiro.pt\/index.php\/wp-json\/wp\/v2\/product_tag?post=988"}],"curies":[{"name":"wp","href":"https:\/\/api.w.org\/{rel}","templated":true}]}}