{"id":977,"date":"2024-03-21T15:58:54","date_gmt":"2024-03-21T15:58:54","guid":{"rendered":"https:\/\/casadolivreiro.pt\/?post_type=product&#038;p=977"},"modified":"2024-03-21T15:58:54","modified_gmt":"2024-03-21T15:58:54","slug":"lexicoteca-botanica-2-volumes","status":"publish","type":"product","link":"https:\/\/casadolivreiro.pt\/index.php\/product\/lexicoteca-botanica-2-volumes\/","title":{"rendered":"LEXICOTECA, BOT\u00c2NICA  ( 2 Volumes)"},"content":{"rendered":"<p>LEXICOTECA, BOT\u00c2NICA \u00a0( 2 Volumes)<br \/>\nAno de edi\u00e7\u00e3o:\u00a0 1991<br \/>\nEditor: C\u00edrculo de Leitores. Lisboa<br \/>\nIdioma: Portugu\u00eas<br \/>\nDimens\u00f5es: 20 x v\u00e1rios x 27 cm<br \/>\nEncaderna\u00e7\u00e3o: Capa dura. Encaderna\u00e7\u00f5es em percalina com nervos, 2 r\u00f3tulos e ferros a ouro.<br \/>\nP\u00e1ginas: v\u00e1rios<\/p>\n<p>I &#8211; Zonas de Vegeta\u00e7\u00e3o; C\u00e9lula Vegetal; Morfologia e Fisiologia; Reprodu\u00e7\u00e3o<\/p>\n<p>II &#8211; Adapta\u00e7\u00f5es ao Meio Ambiente; Comunidades Vegetais e Bi\u00f3ticas; Evolu\u00e7\u00e3o Filogen\u00e9tica; Classifica\u00e7\u00e3o do Reino Vegetal<\/p>\n<p>Tamb\u00e9m dispomos de volumes individuais que podem ser vendidos em separado a 12\u20ac por volume. Caso tenha interesse num volume especifico contacte-nos atrav\u00e9s do email geral@casadolivreiro.pt<\/p>\n","protected":false},"excerpt":{"rendered":"<p>LEXICOTECA, BOT\u00c2NICA \u00a0( 2 Volumes) Ano de edi\u00e7\u00e3o:\u00a0 1991 Editor: C\u00edrculo de Leitores. Lisboa Idioma: Portugu\u00eas Dimens\u00f5es: 20 x v\u00e1rios x 27 cm Encaderna\u00e7\u00e3o: Capa dura. Encaderna\u00e7\u00f5es em percalina com nervos, 2 r\u00f3tulos e ferros a ouro. P\u00e1ginas: v\u00e1rios I &#8211; Zonas de Vegeta\u00e7\u00e3o; C\u00e9lula Vegetal; Morfologia e Fisiologia; Reprodu\u00e7\u00e3o II &#8211; Adapta\u00e7\u00f5es ao Meio [&hellip;]<\/p>\n","protected":false},"featured_media":978,"comment_status":"open","ping_status":"closed","template":"","meta":{"om_disable_all_campaigns":false,"_monsterinsights_skip_tracking":false,"_monsterinsights_sitenote_active":false,"_monsterinsights_sitenote_note":"","_monsterinsights_sitenote_category":0,"_uf_show_specific_survey":0,"_uf_disable_surveys":false},"product_cat":[32,46],"product_tag":[],"aioseo_notices":[],"jetpack_sharing_enabled":true,"_links":{"self":[{"href":"https:\/\/casadolivreiro.pt\/index.php\/wp-json\/wp\/v2\/product\/977"}],"collection":[{"href":"https:\/\/casadolivreiro.pt\/index.php\/wp-json\/wp\/v2\/product"}],"about":[{"href":"https:\/\/casadolivreiro.pt\/index.php\/wp-json\/wp\/v2\/types\/product"}],"replies":[{"embeddable":true,"href":"https:\/\/casadolivreiro.pt\/index.php\/wp-json\/wp\/v2\/comments?post=977"}],"wp:featuredmedia":[{"embeddable":true,"href":"https:\/\/casadolivreiro.pt\/index.php\/wp-json\/wp\/v2\/media\/978"}],"wp:attachment":[{"href":"https:\/\/casadolivreiro.pt\/index.php\/wp-json\/wp\/v2\/media?parent=977"}],"wp:term":[{"taxonomy":"product_cat","embeddable":true,"href":"https:\/\/casadolivreiro.pt\/index.php\/wp-json\/wp\/v2\/product_cat?post=977"},{"taxonomy":"product_tag","embeddable":true,"href":"https:\/\/casadolivreiro.pt\/index.php\/wp-json\/wp\/v2\/product_tag?post=977"}],"curies":[{"name":"wp","href":"https:\/\/api.w.org\/{rel}","templated":true}]}}