{"id":975,"date":"2024-03-21T15:52:12","date_gmt":"2024-03-21T15:52:12","guid":{"rendered":"https:\/\/casadolivreiro.pt\/?post_type=product&#038;p=975"},"modified":"2024-03-21T15:52:12","modified_gmt":"2024-03-21T15:52:12","slug":"lexicoteca-moderna-enciclopedia-universal-19-vols","status":"publish","type":"product","link":"https:\/\/casadolivreiro.pt\/index.php\/product\/lexicoteca-moderna-enciclopedia-universal-19-vols\/","title":{"rendered":"LEXICOTECA, MODERNA ENCICLOP\u00c9DIA UNIVERSAL. (19 VOLS.)"},"content":{"rendered":"<p>LEXICOTECA, MODERNA ENCICLOP\u00c9DIA UNIVERSAL. (19 VOLS.)<br \/>\nAno de edi\u00e7\u00e3o:\u00a0 1984<br \/>\nEditor: C\u00edrculo de Leitores. Lisboa<br \/>\nIdioma: Portugu\u00eas<br \/>\nDimens\u00f5es: 20 x v\u00e1rios x 27 cm<br \/>\nEncaderna\u00e7\u00e3o: Capa dura<br \/>\nP\u00e1ginas: v\u00e1rios<\/p>\n<p>19 volumes com cerca de 5500 p\u00e1gs. Encaderna\u00e7\u00f5es em percalina com nervos, 2 r\u00f3tulos e ferros a ouro.<\/p>\n<p>Ilustrados com gravuras, mapas, cronologias, esquemas, tabelas e gr\u00e1ficos respectivamente legendados. A obra possui Direc\u00e7\u00e3o Liter\u00e1ria de Dr. Manuel Alves de Oliveira e Direc\u00e7\u00e3o Editorial e Coordena\u00e7\u00e3o de Leonel Moreira de Oliveira. O \u00faltimo volume da obra, o volume XIX, \u00e9 Suplemento.<\/p>\n<p>Tamb\u00e9m dispomos de volumes individuais que podem ser vendidos em separado a 12\u20ac por volume. Caso tenha interesse num volume especifico contacte-nos atrav\u00e9s do email geral@casadolivreiro.pt<\/p>\n","protected":false},"excerpt":{"rendered":"<p>LEXICOTECA, MODERNA ENCICLOP\u00c9DIA UNIVERSAL. (19 VOLS.) Ano de edi\u00e7\u00e3o:\u00a0 1984 Editor: C\u00edrculo de Leitores. Lisboa Idioma: Portugu\u00eas Dimens\u00f5es: 20 x v\u00e1rios x 27 cm Encaderna\u00e7\u00e3o: Capa dura P\u00e1ginas: v\u00e1rios 19 volumes com cerca de 5500 p\u00e1gs. Encaderna\u00e7\u00f5es em percalina com nervos, 2 r\u00f3tulos e ferros a ouro. Ilustrados com gravuras, mapas, cronologias, esquemas, tabelas e [&hellip;]<\/p>\n","protected":false},"featured_media":976,"comment_status":"open","ping_status":"closed","template":"","meta":{"om_disable_all_campaigns":false,"_monsterinsights_skip_tracking":false,"_monsterinsights_sitenote_active":false,"_monsterinsights_sitenote_note":"","_monsterinsights_sitenote_category":0,"_uf_show_specific_survey":0,"_uf_disable_surveys":false},"product_cat":[46],"product_tag":[],"aioseo_notices":[],"jetpack_sharing_enabled":true,"_links":{"self":[{"href":"https:\/\/casadolivreiro.pt\/index.php\/wp-json\/wp\/v2\/product\/975"}],"collection":[{"href":"https:\/\/casadolivreiro.pt\/index.php\/wp-json\/wp\/v2\/product"}],"about":[{"href":"https:\/\/casadolivreiro.pt\/index.php\/wp-json\/wp\/v2\/types\/product"}],"replies":[{"embeddable":true,"href":"https:\/\/casadolivreiro.pt\/index.php\/wp-json\/wp\/v2\/comments?post=975"}],"wp:featuredmedia":[{"embeddable":true,"href":"https:\/\/casadolivreiro.pt\/index.php\/wp-json\/wp\/v2\/media\/976"}],"wp:attachment":[{"href":"https:\/\/casadolivreiro.pt\/index.php\/wp-json\/wp\/v2\/media?parent=975"}],"wp:term":[{"taxonomy":"product_cat","embeddable":true,"href":"https:\/\/casadolivreiro.pt\/index.php\/wp-json\/wp\/v2\/product_cat?post=975"},{"taxonomy":"product_tag","embeddable":true,"href":"https:\/\/casadolivreiro.pt\/index.php\/wp-json\/wp\/v2\/product_tag?post=975"}],"curies":[{"name":"wp","href":"https:\/\/api.w.org\/{rel}","templated":true}]}}