{"id":971,"date":"2024-03-21T15:45:48","date_gmt":"2024-03-21T15:45:48","guid":{"rendered":"https:\/\/casadolivreiro.pt\/?post_type=product&#038;p=971"},"modified":"2024-03-21T15:45:48","modified_gmt":"2024-03-21T15:45:48","slug":"os-tres-mosqueteiros-vols-1-e-2-alexandre-dumas","status":"publish","type":"product","link":"https:\/\/casadolivreiro.pt\/index.php\/product\/os-tres-mosqueteiros-vols-1-e-2-alexandre-dumas\/","title":{"rendered":"OS TR\u00caS MOSQUETEIROS,  Vols. 1 e 2 &#8211; Alexandre Dumas"},"content":{"rendered":"<p>OS TR\u00caS MOSQUETEIROS, \u00a0Vols. 1 e 2<br \/>\nAlexandre Dumas<br \/>\nColec\u00e7\u00e3o Grandes Romances para a Juventude<br \/>\nTraduc\u00e7\u00e3o de F. Rom\u00e3o<br \/>\nAno de edi\u00e7\u00e3o:<br \/>\nEditor: Edi\u00e7\u00e3o Amigos do Livro<br \/>\nIdioma: Portugu\u00eas<br \/>\nDimens\u00f5es: 13\u00a0 x 2.5 x 20 cm<br \/>\nEncaderna\u00e7\u00e3o: Capa dura<br \/>\nP\u00e1ginas: 305 e 308<\/p>\n","protected":false},"excerpt":{"rendered":"<p>OS TR\u00caS MOSQUETEIROS, \u00a0Vols. 1 e 2 Alexandre Dumas Colec\u00e7\u00e3o Grandes Romances para a Juventude Traduc\u00e7\u00e3o de F. Rom\u00e3o Ano de edi\u00e7\u00e3o: Editor: Edi\u00e7\u00e3o Amigos do Livro Idioma: Portugu\u00eas Dimens\u00f5es: 13\u00a0 x 2.5 x 20 cm Encaderna\u00e7\u00e3o: Capa dura P\u00e1ginas: 305 e 308<\/p>\n","protected":false},"featured_media":969,"comment_status":"open","ping_status":"closed","template":"","meta":{"om_disable_all_campaigns":false,"_monsterinsights_skip_tracking":false,"_monsterinsights_sitenote_active":false,"_monsterinsights_sitenote_note":"","_monsterinsights_sitenote_category":0,"_uf_show_specific_survey":0,"_uf_disable_surveys":false},"product_cat":[34,26],"product_tag":[],"aioseo_notices":[],"jetpack_sharing_enabled":true,"_links":{"self":[{"href":"https:\/\/casadolivreiro.pt\/index.php\/wp-json\/wp\/v2\/product\/971"}],"collection":[{"href":"https:\/\/casadolivreiro.pt\/index.php\/wp-json\/wp\/v2\/product"}],"about":[{"href":"https:\/\/casadolivreiro.pt\/index.php\/wp-json\/wp\/v2\/types\/product"}],"replies":[{"embeddable":true,"href":"https:\/\/casadolivreiro.pt\/index.php\/wp-json\/wp\/v2\/comments?post=971"}],"wp:featuredmedia":[{"embeddable":true,"href":"https:\/\/casadolivreiro.pt\/index.php\/wp-json\/wp\/v2\/media\/969"}],"wp:attachment":[{"href":"https:\/\/casadolivreiro.pt\/index.php\/wp-json\/wp\/v2\/media?parent=971"}],"wp:term":[{"taxonomy":"product_cat","embeddable":true,"href":"https:\/\/casadolivreiro.pt\/index.php\/wp-json\/wp\/v2\/product_cat?post=971"},{"taxonomy":"product_tag","embeddable":true,"href":"https:\/\/casadolivreiro.pt\/index.php\/wp-json\/wp\/v2\/product_tag?post=971"}],"curies":[{"name":"wp","href":"https:\/\/api.w.org\/{rel}","templated":true}]}}