{"id":956,"date":"2024-03-21T15:07:51","date_gmt":"2024-03-21T15:07:51","guid":{"rendered":"https:\/\/casadolivreiro.pt\/?post_type=product&#038;p=956"},"modified":"2026-01-11T16:20:49","modified_gmt":"2026-01-11T16:20:49","slug":"banqueiros-de-rapina-cronica-secreta-de-mario-conde-ernesto-ekaizer","status":"publish","type":"product","link":"https:\/\/casadolivreiro.pt\/index.php\/product\/banqueiros-de-rapina-cronica-secreta-de-mario-conde-ernesto-ekaizer\/","title":{"rendered":"BANQUEIROS DE RAPINA: Cr\u00f3nica secreta de Mario Conde &#8211; Ernesto Ekaizer"},"content":{"rendered":"<p>BANQUEIROS DE RAPINA: Cr\u00f3nica secreta de Mario Conde<br \/>\nErnesto Ekaizer<br \/>\nColec\u00e7\u00e3o Sinal dos Tempos<br \/>\nISBN: 972-46-0665-1<br \/>\nAno de edi\u00e7\u00e3o: 1994<br \/>\nEditor: Editorial Noticias. Lisboa<br \/>\nIdioma: Portugu\u00eas<br \/>\nDimens\u00f5es: 14 x 2.3 x 21 cm<br \/>\nEncaderna\u00e7\u00e3o: Capa mole<br \/>\nP\u00e1ginas: 473<\/p>\n<p>&nbsp;<\/p>\n","protected":false},"excerpt":{"rendered":"<p>BANQUEIROS DE RAPINA: Cr\u00f3nica secreta de Mario Conde Ernesto Ekaizer Colec\u00e7\u00e3o Sinal dos Tempos ISBN: 972-46-0665-1 Ano de edi\u00e7\u00e3o: 1994 Editor: Editorial Noticias. Lisboa Idioma: Portugu\u00eas Dimens\u00f5es: 14 x 2.3 x 21 cm Encaderna\u00e7\u00e3o: Capa mole P\u00e1ginas: 473 &nbsp;<\/p>\n","protected":false},"featured_media":957,"comment_status":"open","ping_status":"closed","template":"","meta":{"om_disable_all_campaigns":false,"_monsterinsights_skip_tracking":false,"_monsterinsights_sitenote_active":false,"_monsterinsights_sitenote_note":"","_monsterinsights_sitenote_category":0,"_uf_show_specific_survey":0,"_uf_disable_surveys":false},"product_cat":[30,36,44],"product_tag":[],"aioseo_notices":[],"jetpack_sharing_enabled":true,"_links":{"self":[{"href":"https:\/\/casadolivreiro.pt\/index.php\/wp-json\/wp\/v2\/product\/956"}],"collection":[{"href":"https:\/\/casadolivreiro.pt\/index.php\/wp-json\/wp\/v2\/product"}],"about":[{"href":"https:\/\/casadolivreiro.pt\/index.php\/wp-json\/wp\/v2\/types\/product"}],"replies":[{"embeddable":true,"href":"https:\/\/casadolivreiro.pt\/index.php\/wp-json\/wp\/v2\/comments?post=956"}],"wp:featuredmedia":[{"embeddable":true,"href":"https:\/\/casadolivreiro.pt\/index.php\/wp-json\/wp\/v2\/media\/957"}],"wp:attachment":[{"href":"https:\/\/casadolivreiro.pt\/index.php\/wp-json\/wp\/v2\/media?parent=956"}],"wp:term":[{"taxonomy":"product_cat","embeddable":true,"href":"https:\/\/casadolivreiro.pt\/index.php\/wp-json\/wp\/v2\/product_cat?post=956"},{"taxonomy":"product_tag","embeddable":true,"href":"https:\/\/casadolivreiro.pt\/index.php\/wp-json\/wp\/v2\/product_tag?post=956"}],"curies":[{"name":"wp","href":"https:\/\/api.w.org\/{rel}","templated":true}]}}