{"id":950,"date":"2024-03-21T14:54:00","date_gmt":"2024-03-21T14:54:00","guid":{"rendered":"https:\/\/casadolivreiro.pt\/?post_type=product&#038;p=950"},"modified":"2024-03-21T14:54:00","modified_gmt":"2024-03-21T14:54:00","slug":"vidas-de-grandes-poetas-henry-thomas-e-dana-lee-thomas-traducao-de-brenno-silveira","status":"publish","type":"product","link":"https:\/\/casadolivreiro.pt\/index.php\/product\/vidas-de-grandes-poetas-henry-thomas-e-dana-lee-thomas-traducao-de-brenno-silveira\/","title":{"rendered":"VIDAS DE GRANDES POETAS &#8211; Henry Thomas e Dana Lee Thomas, Tradu\u00e7\u00e3o de Brenno Silveira"},"content":{"rendered":"<p>VIDAS DE GRANDES POETAS<br \/>\nHenry Thomas e Dana Lee Thomas<br \/>\nTradu\u00e7\u00e3o de Brenno Silveira<br \/>\nColec\u00e7\u00e3o Vidas C\u00ealebres<br \/>\nAno de edi\u00e7\u00e3o:<br \/>\nEditor: Livros do Brasil, Lda. Lisboa<br \/>\nIdioma: Portugu\u00eas<br \/>\nDimens\u00f5es: 11 x 1.3 x 16 cm<br \/>\nEncaderna\u00e7\u00e3o: Capa mole<br \/>\nP\u00e1ginas: 284<\/p>\n","protected":false},"excerpt":{"rendered":"<p>VIDAS DE GRANDES POETAS Henry Thomas e Dana Lee Thomas Tradu\u00e7\u00e3o de Brenno Silveira Colec\u00e7\u00e3o Vidas C\u00ealebres Ano de edi\u00e7\u00e3o: Editor: Livros do Brasil, Lda. Lisboa Idioma: Portugu\u00eas Dimens\u00f5es: 11 x 1.3 x 16 cm Encaderna\u00e7\u00e3o: Capa mole P\u00e1ginas: 284<\/p>\n","protected":false},"featured_media":951,"comment_status":"open","ping_status":"closed","template":"","meta":{"om_disable_all_campaigns":false,"_monsterinsights_skip_tracking":false,"_monsterinsights_sitenote_active":false,"_monsterinsights_sitenote_note":"","_monsterinsights_sitenote_category":0,"_uf_show_specific_survey":0,"_uf_disable_surveys":false},"product_cat":[28,30],"product_tag":[],"aioseo_notices":[],"jetpack_sharing_enabled":true,"_links":{"self":[{"href":"https:\/\/casadolivreiro.pt\/index.php\/wp-json\/wp\/v2\/product\/950"}],"collection":[{"href":"https:\/\/casadolivreiro.pt\/index.php\/wp-json\/wp\/v2\/product"}],"about":[{"href":"https:\/\/casadolivreiro.pt\/index.php\/wp-json\/wp\/v2\/types\/product"}],"replies":[{"embeddable":true,"href":"https:\/\/casadolivreiro.pt\/index.php\/wp-json\/wp\/v2\/comments?post=950"}],"wp:featuredmedia":[{"embeddable":true,"href":"https:\/\/casadolivreiro.pt\/index.php\/wp-json\/wp\/v2\/media\/951"}],"wp:attachment":[{"href":"https:\/\/casadolivreiro.pt\/index.php\/wp-json\/wp\/v2\/media?parent=950"}],"wp:term":[{"taxonomy":"product_cat","embeddable":true,"href":"https:\/\/casadolivreiro.pt\/index.php\/wp-json\/wp\/v2\/product_cat?post=950"},{"taxonomy":"product_tag","embeddable":true,"href":"https:\/\/casadolivreiro.pt\/index.php\/wp-json\/wp\/v2\/product_tag?post=950"}],"curies":[{"name":"wp","href":"https:\/\/api.w.org\/{rel}","templated":true}]}}