{"id":948,"date":"2024-03-21T14:49:38","date_gmt":"2024-03-21T14:49:38","guid":{"rendered":"https:\/\/casadolivreiro.pt\/?post_type=product&#038;p=948"},"modified":"2024-03-21T14:49:38","modified_gmt":"2024-03-21T14:49:38","slug":"vidas-de-grandes-mulheres-henry-thomas-e-dana-lee-thomas-traducao-de-antonio-acaua","status":"publish","type":"product","link":"https:\/\/casadolivreiro.pt\/index.php\/product\/vidas-de-grandes-mulheres-henry-thomas-e-dana-lee-thomas-traducao-de-antonio-acaua\/","title":{"rendered":"VIDAS DE GRANDES MULHERES &#8211; Henry Thomas e Dana Lee Thomas, Tradu\u00e7\u00e3o de Ant\u00f3nio Acau\u00e3"},"content":{"rendered":"<p>VIDAS DE GRANDES MULHERES<br \/>\nHenry Thomas e Dana Lee Thomas<br \/>\nTradu\u00e7\u00e3o de Ant\u00f3nio Acau\u00e3<br \/>\nColec\u00e7\u00e3o Vidas C\u00ealebres<br \/>\nAno de edi\u00e7\u00e3o:<br \/>\nEditor: Livros do Brasil, Lda. Lisboa<br \/>\nIdioma: Portugu\u00eas<br \/>\nDimens\u00f5es: 11 x 1.3 x 16 cm<br \/>\nEncaderna\u00e7\u00e3o: Capa mole<br \/>\nP\u00e1ginas: 283<\/p>\n","protected":false},"excerpt":{"rendered":"<p>VIDAS DE GRANDES MULHERES Henry Thomas e Dana Lee Thomas Tradu\u00e7\u00e3o de Ant\u00f3nio Acau\u00e3 Colec\u00e7\u00e3o Vidas C\u00ealebres Ano de edi\u00e7\u00e3o: Editor: Livros do Brasil, Lda. Lisboa Idioma: Portugu\u00eas Dimens\u00f5es: 11 x 1.3 x 16 cm Encaderna\u00e7\u00e3o: Capa mole P\u00e1ginas: 283<\/p>\n","protected":false},"featured_media":949,"comment_status":"open","ping_status":"closed","template":"","meta":{"om_disable_all_campaigns":false,"_monsterinsights_skip_tracking":false,"_monsterinsights_sitenote_active":false,"_monsterinsights_sitenote_note":"","_monsterinsights_sitenote_category":0,"_uf_show_specific_survey":0,"_uf_disable_surveys":false},"product_cat":[28,30],"product_tag":[],"aioseo_notices":[],"jetpack_sharing_enabled":true,"_links":{"self":[{"href":"https:\/\/casadolivreiro.pt\/index.php\/wp-json\/wp\/v2\/product\/948"}],"collection":[{"href":"https:\/\/casadolivreiro.pt\/index.php\/wp-json\/wp\/v2\/product"}],"about":[{"href":"https:\/\/casadolivreiro.pt\/index.php\/wp-json\/wp\/v2\/types\/product"}],"replies":[{"embeddable":true,"href":"https:\/\/casadolivreiro.pt\/index.php\/wp-json\/wp\/v2\/comments?post=948"}],"wp:featuredmedia":[{"embeddable":true,"href":"https:\/\/casadolivreiro.pt\/index.php\/wp-json\/wp\/v2\/media\/949"}],"wp:attachment":[{"href":"https:\/\/casadolivreiro.pt\/index.php\/wp-json\/wp\/v2\/media?parent=948"}],"wp:term":[{"taxonomy":"product_cat","embeddable":true,"href":"https:\/\/casadolivreiro.pt\/index.php\/wp-json\/wp\/v2\/product_cat?post=948"},{"taxonomy":"product_tag","embeddable":true,"href":"https:\/\/casadolivreiro.pt\/index.php\/wp-json\/wp\/v2\/product_tag?post=948"}],"curies":[{"name":"wp","href":"https:\/\/api.w.org\/{rel}","templated":true}]}}