{"id":946,"date":"2024-03-21T14:46:16","date_gmt":"2024-03-21T14:46:16","guid":{"rendered":"https:\/\/casadolivreiro.pt\/?post_type=product&#038;p=946"},"modified":"2024-03-21T14:46:16","modified_gmt":"2024-03-21T14:46:16","slug":"vidas-de-grandes-homens-henry-thomas-e-dana-lee-thomas-traducao-de-mario-quintana","status":"publish","type":"product","link":"https:\/\/casadolivreiro.pt\/index.php\/product\/vidas-de-grandes-homens-henry-thomas-e-dana-lee-thomas-traducao-de-mario-quintana\/","title":{"rendered":"VIDAS DE GRANDES HOMENS &#8211; Henry Thomas e Dana Lee Thomas, Tradu\u00e7\u00e3o de M\u00e1rio Quintana"},"content":{"rendered":"<p>VIDAS DE GRANDES HOMENS<br \/>\nHenry Thomas e Dana Lee Thomas<br \/>\nTradu\u00e7\u00e3o de M\u00e1rio Quintana<br \/>\nColec\u00e7\u00e3o Vidas C\u00ealebres<br \/>\nAno de edi\u00e7\u00e3o:<br \/>\nEditor: Livros do Brasil, Lda. Lisboa<br \/>\nIdioma: Portugu\u00eas<br \/>\nDimens\u00f5es: 11 x 1.3 x 16 cm<br \/>\nEncaderna\u00e7\u00e3o: Capa mole<br \/>\nP\u00e1ginas: 244<\/p>\n<p>\u00cdndice:<br \/>\nAlexandre o Grande<br \/>\nMarco Polo<br \/>\nCrist\u00f3v\u00e3o Colombo<br \/>\nBenvenuto Cellini<br \/>\nSir Walter Releigh<br \/>\nWilliam Shakespeare<br \/>\nSamuel Johnson<br \/>\nJohann Wolfgang Von Goethe<br \/>\nSimon Bol\u00edvar<br \/>\nBenjamin Disraeli<br \/>\nGiuseppe Garibaldi<br \/>\nSun Yat-Sen<br \/>\nGuglielmo Marconi<br \/>\nEnrico Caruso<br \/>\nIgnatz Jan Paderewski<br \/>\nMustaf\u00e1 Kemal Atature<br \/>\nGeorge Bernard Shaw<br \/>\nWinston Churchill<\/p>\n","protected":false},"excerpt":{"rendered":"<p>VIDAS DE GRANDES HOMENS Henry Thomas e Dana Lee Thomas Tradu\u00e7\u00e3o de M\u00e1rio Quintana Colec\u00e7\u00e3o Vidas C\u00ealebres Ano de edi\u00e7\u00e3o: Editor: Livros do Brasil, Lda. Lisboa Idioma: Portugu\u00eas Dimens\u00f5es: 11 x 1.3 x 16 cm Encaderna\u00e7\u00e3o: Capa mole P\u00e1ginas: 244 \u00cdndice: Alexandre o Grande Marco Polo Crist\u00f3v\u00e3o Colombo Benvenuto Cellini Sir Walter Releigh William Shakespeare [&hellip;]<\/p>\n","protected":false},"featured_media":947,"comment_status":"open","ping_status":"closed","template":"","meta":{"om_disable_all_campaigns":false,"_monsterinsights_skip_tracking":false,"_monsterinsights_sitenote_active":false,"_monsterinsights_sitenote_note":"","_monsterinsights_sitenote_category":0,"_uf_show_specific_survey":0,"_uf_disable_surveys":false},"product_cat":[28,30],"product_tag":[],"aioseo_notices":[],"jetpack_sharing_enabled":true,"_links":{"self":[{"href":"https:\/\/casadolivreiro.pt\/index.php\/wp-json\/wp\/v2\/product\/946"}],"collection":[{"href":"https:\/\/casadolivreiro.pt\/index.php\/wp-json\/wp\/v2\/product"}],"about":[{"href":"https:\/\/casadolivreiro.pt\/index.php\/wp-json\/wp\/v2\/types\/product"}],"replies":[{"embeddable":true,"href":"https:\/\/casadolivreiro.pt\/index.php\/wp-json\/wp\/v2\/comments?post=946"}],"wp:featuredmedia":[{"embeddable":true,"href":"https:\/\/casadolivreiro.pt\/index.php\/wp-json\/wp\/v2\/media\/947"}],"wp:attachment":[{"href":"https:\/\/casadolivreiro.pt\/index.php\/wp-json\/wp\/v2\/media?parent=946"}],"wp:term":[{"taxonomy":"product_cat","embeddable":true,"href":"https:\/\/casadolivreiro.pt\/index.php\/wp-json\/wp\/v2\/product_cat?post=946"},{"taxonomy":"product_tag","embeddable":true,"href":"https:\/\/casadolivreiro.pt\/index.php\/wp-json\/wp\/v2\/product_tag?post=946"}],"curies":[{"name":"wp","href":"https:\/\/api.w.org\/{rel}","templated":true}]}}