{"id":933,"date":"2024-03-21T13:24:38","date_gmt":"2024-03-21T13:24:38","guid":{"rendered":"https:\/\/casadolivreiro.pt\/?post_type=product&#038;p=933"},"modified":"2024-03-21T13:24:38","modified_gmt":"2024-03-21T13:24:38","slug":"a-virgem-de-18-quilates-de-pitigrilli-coleccao-minerva-de-bolso-no-23","status":"publish","type":"product","link":"https:\/\/casadolivreiro.pt\/index.php\/product\/a-virgem-de-18-quilates-de-pitigrilli-coleccao-minerva-de-bolso-no-23\/","title":{"rendered":"A VIRGEM DE 18 QUILATES de Pitigrilli &#8211; Colec\u00e7\u00e3o Minerva de Bolso No. 23"},"content":{"rendered":"<p>A VIRGEM DE 18 QUILATES<br \/>\nPitigrilli<br \/>\nColec\u00e7\u00e3o Minerva de Bolso No. 23<br \/>\nPrimeira edi\u00e7\u00e3o.<br \/>\nAno de edi\u00e7\u00e3o: 1973<br \/>\nEditor: Editorial Minerva, Lisboa<br \/>\nIdioma: Portugu\u00eas<br \/>\nDimens\u00f5es: 11.5 x 1.2 x 18 cm<br \/>\nEncaderna\u00e7\u00e3o: Capa mole<br \/>\nP\u00e1ginas: 198<\/p>\n","protected":false},"excerpt":{"rendered":"<p>A VIRGEM DE 18 QUILATES Pitigrilli Colec\u00e7\u00e3o Minerva de Bolso No. 23 Primeira edi\u00e7\u00e3o. Ano de edi\u00e7\u00e3o: 1973 Editor: Editorial Minerva, Lisboa Idioma: Portugu\u00eas Dimens\u00f5es: 11.5 x 1.2 x 18 cm Encaderna\u00e7\u00e3o: Capa mole P\u00e1ginas: 198<\/p>\n","protected":false},"featured_media":934,"comment_status":"open","ping_status":"closed","template":"","meta":{"om_disable_all_campaigns":false,"_monsterinsights_skip_tracking":false,"_monsterinsights_sitenote_active":false,"_monsterinsights_sitenote_note":"","_monsterinsights_sitenote_category":0,"_uf_show_specific_survey":0,"_uf_disable_surveys":false},"product_cat":[26],"product_tag":[],"aioseo_notices":[],"jetpack_sharing_enabled":true,"_links":{"self":[{"href":"https:\/\/casadolivreiro.pt\/index.php\/wp-json\/wp\/v2\/product\/933"}],"collection":[{"href":"https:\/\/casadolivreiro.pt\/index.php\/wp-json\/wp\/v2\/product"}],"about":[{"href":"https:\/\/casadolivreiro.pt\/index.php\/wp-json\/wp\/v2\/types\/product"}],"replies":[{"embeddable":true,"href":"https:\/\/casadolivreiro.pt\/index.php\/wp-json\/wp\/v2\/comments?post=933"}],"wp:featuredmedia":[{"embeddable":true,"href":"https:\/\/casadolivreiro.pt\/index.php\/wp-json\/wp\/v2\/media\/934"}],"wp:attachment":[{"href":"https:\/\/casadolivreiro.pt\/index.php\/wp-json\/wp\/v2\/media?parent=933"}],"wp:term":[{"taxonomy":"product_cat","embeddable":true,"href":"https:\/\/casadolivreiro.pt\/index.php\/wp-json\/wp\/v2\/product_cat?post=933"},{"taxonomy":"product_tag","embeddable":true,"href":"https:\/\/casadolivreiro.pt\/index.php\/wp-json\/wp\/v2\/product_tag?post=933"}],"curies":[{"name":"wp","href":"https:\/\/api.w.org\/{rel}","templated":true}]}}