{"id":923,"date":"2024-03-21T12:52:19","date_gmt":"2024-03-21T12:52:19","guid":{"rendered":"https:\/\/casadolivreiro.pt\/?post_type=product&#038;p=923"},"modified":"2024-03-21T12:52:19","modified_gmt":"2024-03-21T12:52:19","slug":"o-espiao-que-saiu-do-frio-de-john-le-carre-coleccao-minerva-de-bolso-no-14","status":"publish","type":"product","link":"https:\/\/casadolivreiro.pt\/index.php\/product\/o-espiao-que-saiu-do-frio-de-john-le-carre-coleccao-minerva-de-bolso-no-14\/","title":{"rendered":"O ESPI\u00c3O QUE SAIU DO FRIO de John Le Carr\u00e9 &#8211; Colec\u00e7\u00e3o Minerva de Bolso No.14"},"content":{"rendered":"<p>O ESPI\u00c3O QUE SAIU DO FRIO<br \/>\nJohn Le Carr\u00e9<br \/>\nColec\u00e7\u00e3o Minerva de Bolso No.14<br \/>\nPrimeira edi\u00e7\u00e3o.<br \/>\nAno de edi\u00e7\u00e3o: 1973<br \/>\nEditor: Editorial Minerva, Lisboa<br \/>\nIdioma: Portugu\u00eas<br \/>\nDimens\u00f5es: 11.5 x 1.2 x 18 cm<br \/>\nEncaderna\u00e7\u00e3o: Capa mole<br \/>\nP\u00e1ginas: 230<\/p>\n","protected":false},"excerpt":{"rendered":"<p>O ESPI\u00c3O QUE SAIU DO FRIO John Le Carr\u00e9 Colec\u00e7\u00e3o Minerva de Bolso No.14 Primeira edi\u00e7\u00e3o. Ano de edi\u00e7\u00e3o: 1973 Editor: Editorial Minerva, Lisboa Idioma: Portugu\u00eas Dimens\u00f5es: 11.5 x 1.2 x 18 cm Encaderna\u00e7\u00e3o: Capa mole P\u00e1ginas: 230<\/p>\n","protected":false},"featured_media":924,"comment_status":"open","ping_status":"closed","template":"","meta":{"om_disable_all_campaigns":false,"_monsterinsights_skip_tracking":false,"_monsterinsights_sitenote_active":false,"_monsterinsights_sitenote_note":"","_monsterinsights_sitenote_category":0,"_uf_show_specific_survey":0,"_uf_disable_surveys":false},"product_cat":[26,44,61],"product_tag":[],"aioseo_notices":[],"jetpack_sharing_enabled":true,"_links":{"self":[{"href":"https:\/\/casadolivreiro.pt\/index.php\/wp-json\/wp\/v2\/product\/923"}],"collection":[{"href":"https:\/\/casadolivreiro.pt\/index.php\/wp-json\/wp\/v2\/product"}],"about":[{"href":"https:\/\/casadolivreiro.pt\/index.php\/wp-json\/wp\/v2\/types\/product"}],"replies":[{"embeddable":true,"href":"https:\/\/casadolivreiro.pt\/index.php\/wp-json\/wp\/v2\/comments?post=923"}],"wp:featuredmedia":[{"embeddable":true,"href":"https:\/\/casadolivreiro.pt\/index.php\/wp-json\/wp\/v2\/media\/924"}],"wp:attachment":[{"href":"https:\/\/casadolivreiro.pt\/index.php\/wp-json\/wp\/v2\/media?parent=923"}],"wp:term":[{"taxonomy":"product_cat","embeddable":true,"href":"https:\/\/casadolivreiro.pt\/index.php\/wp-json\/wp\/v2\/product_cat?post=923"},{"taxonomy":"product_tag","embeddable":true,"href":"https:\/\/casadolivreiro.pt\/index.php\/wp-json\/wp\/v2\/product_tag?post=923"}],"curies":[{"name":"wp","href":"https:\/\/api.w.org\/{rel}","templated":true}]}}