{"id":912,"date":"2024-03-21T12:30:45","date_gmt":"2024-03-21T12:30:45","guid":{"rendered":"https:\/\/casadolivreiro.pt\/?post_type=product&#038;p=912"},"modified":"2024-03-21T12:30:45","modified_gmt":"2024-03-21T12:30:45","slug":"misterio-da-mao-oculta-phyllis-a-whitney-negro-em-fuga-ed-mcbain-coleccao-grandes-romances-universais-no-14","status":"publish","type":"product","link":"https:\/\/casadolivreiro.pt\/index.php\/product\/misterio-da-mao-oculta-phyllis-a-whitney-negro-em-fuga-ed-mcbain-coleccao-grandes-romances-universais-no-14\/","title":{"rendered":"MIST\u00c9RIO DA M\u00c3O OCULTA Phyllis A. Whitney NEGRO EM FUGA Ed McBain Colec\u00e7\u00e3o Grandes Romances Universais No.14"},"content":{"rendered":"<p>MIST\u00c9RIO DA M\u00c3O OCULTA<br \/>\nPhyllis A. Whitney<br \/>\nNEGRO EM FUGA<br \/>\nEd McBain<br \/>\nColec\u00e7\u00e3o Grandes Romances Universais No.14<br \/>\nAno de edi\u00e7\u00e3o: 1973<br \/>\nEditor: Edi\u00e7\u00f5es D\u00eaag\u00e1, Lisboa<br \/>\nIdioma: Portugu\u00eas<br \/>\nDimens\u00f5es: 11 x 2.5 x 18 cm<br \/>\nEncaderna\u00e7\u00e3o: Capa dura<br \/>\nP\u00e1ginas: 159<\/p>\n","protected":false},"excerpt":{"rendered":"<p>MIST\u00c9RIO DA M\u00c3O OCULTA Phyllis A. Whitney NEGRO EM FUGA Ed McBain Colec\u00e7\u00e3o Grandes Romances Universais No.14 Ano de edi\u00e7\u00e3o: 1973 Editor: Edi\u00e7\u00f5es D\u00eaag\u00e1, Lisboa Idioma: Portugu\u00eas Dimens\u00f5es: 11 x 2.5 x 18 cm Encaderna\u00e7\u00e3o: Capa dura P\u00e1ginas: 159<\/p>\n","protected":false},"featured_media":911,"comment_status":"open","ping_status":"closed","template":"","meta":{"om_disable_all_campaigns":false,"_monsterinsights_skip_tracking":false,"_monsterinsights_sitenote_active":false,"_monsterinsights_sitenote_note":"","_monsterinsights_sitenote_category":0,"_uf_show_specific_survey":0,"_uf_disable_surveys":false},"product_cat":[26,37],"product_tag":[],"aioseo_notices":[],"jetpack_sharing_enabled":true,"_links":{"self":[{"href":"https:\/\/casadolivreiro.pt\/index.php\/wp-json\/wp\/v2\/product\/912"}],"collection":[{"href":"https:\/\/casadolivreiro.pt\/index.php\/wp-json\/wp\/v2\/product"}],"about":[{"href":"https:\/\/casadolivreiro.pt\/index.php\/wp-json\/wp\/v2\/types\/product"}],"replies":[{"embeddable":true,"href":"https:\/\/casadolivreiro.pt\/index.php\/wp-json\/wp\/v2\/comments?post=912"}],"wp:featuredmedia":[{"embeddable":true,"href":"https:\/\/casadolivreiro.pt\/index.php\/wp-json\/wp\/v2\/media\/911"}],"wp:attachment":[{"href":"https:\/\/casadolivreiro.pt\/index.php\/wp-json\/wp\/v2\/media?parent=912"}],"wp:term":[{"taxonomy":"product_cat","embeddable":true,"href":"https:\/\/casadolivreiro.pt\/index.php\/wp-json\/wp\/v2\/product_cat?post=912"},{"taxonomy":"product_tag","embeddable":true,"href":"https:\/\/casadolivreiro.pt\/index.php\/wp-json\/wp\/v2\/product_tag?post=912"}],"curies":[{"name":"wp","href":"https:\/\/api.w.org\/{rel}","templated":true}]}}