{"id":884,"date":"2024-03-19T19:32:56","date_gmt":"2024-03-19T19:32:56","guid":{"rendered":"https:\/\/casadolivreiro.pt\/?post_type=product&#038;p=884"},"modified":"2024-03-19T19:32:56","modified_gmt":"2024-03-19T19:32:56","slug":"coleccao-historia-mundi-editorial-verbo","status":"publish","type":"product","link":"https:\/\/casadolivreiro.pt\/index.php\/product\/coleccao-historia-mundi-editorial-verbo\/","title":{"rendered":"COLEC\u00c7\u00c3O HIST\u00d3RIA MUNDI &#8211; Editorial Verbo"},"content":{"rendered":"<p>COLEC\u00c7\u00c3O HIST\u00d3RIA MUNDI. [23 VOLS.] Editorial Verbo<br \/>\nAno de edi\u00e7\u00e3o: \u00a01966 &#8211; 1972<br \/>\nEditor: Editorial Verbo, Lisboa<br \/>\nIdioma: Portugu\u00eas<br \/>\nDimens\u00f5es: 15.5 x v\u00e1rios x 21 cm<br \/>\nEncaderna\u00e7\u00e3o: Capa dura<br \/>\nP\u00e1ginas: v\u00e1rios<br \/>\nEncaderna\u00e7\u00e3o do editor, com ferros a seco nas pastas anteriores e ferros a ouro nas lombadas. Ilustrados. ( 23 volumes de uma collec\u00e7\u00e3o de 40)<\/p>\n<p>Cada livro &#8211; 5\u20ac<\/p>\n<p>Vol.2 \u2013 OS EG\u00cdPCIOS de Cyril Aldred, 1966, 274pp<br \/>\nVol.4 \u2013 OS ETRUSCOS de Raymond Bloch, 1970, 260pp<br \/>\nVol.5 \u2013 TR\u00d3IA E OS TROIANOS de Carl W. Blegen, 1966, 245pp<br \/>\nVol.6 \u2013 ORIGENS DE ROMA de Raymond Bloch, 1967, 209pp<br \/>\nVol.8 \u2013 OS VIKINGS de Holger Arbman, 1967, 225pp<br \/>\nVol.10 \u2013 MEDOS E PERSAS de William Culican, 1968, 265pp<br \/>\nVol.11 \u2013 OS MAIAS de Michael D. Coe, 1968, 256pp<br \/>\nVol.12 \u2013 A ESCRITA de David Diringer, 1968, 245pp<br \/>\nVol.13 \u2013 ARQUEOLOGIA SUBAQU\u00c1TICA de George F. Bass, 1969, 237pp<br \/>\nVol.15 \u2013 OSSOS, CORPOS E DOEN\u00c7AS de Calvon Wells, 1969, 283pp<br \/>\nVol.16 \u2013 PERU de G.H.S. Bushnell, 1969, 213pp<br \/>\nVol.17 \u2013 OS PRIMITIVOS CRIST\u00c3OS de Michael Gough, 1969, 250pp<br \/>\nVol.18 \u2013 \u00c1FRICA AUSTRAL de Brian M. Fagan, 1970, 232pp<br \/>\nVol.19 \u2013 O JAP\u00c3O ANTES DO BUDISMO de J.E. Kidder, 1970, 301pp<br \/>\nVol.20 \u2013 \u00cdNDIA E PAQUIST\u00c3O de Sir Mortimer Wheeler, 1972, 244pp<br \/>\nVol.21 \u2013 OS BIZANTINOS de David Talbot Rice, 1970, 221pp<br \/>\nVol.22 \u2013 O M\u00c9XICO de Michael D. Coe, 1970, 242pp<br \/>\nVol.24 \u2013 A CHINA de William Watson, 1971, 271pp<br \/>\nVol.25 \u2013 OS GREGOS NA J\u00d3NIA E NO ORIENTE de J.M. Cook, 1971, 269pp<br \/>\nVol.26 \u2013 ROMA REPUBLICANA de A.H. McDonald, 1971, 259pp<br \/>\nVol.27 \u2013 A ALIMENTA\u00c7\u00c3O NA ANTIGUIDADE de Don e Patricia Brothwell, 1971, 257pp<br \/>\nVol.29 \u2013 A CIDADE DE CONSTANTINOPLE de Michael Maclagan, 1972, 214pp<br \/>\nVol.30 \u2013 OS GREGOS NO OCIDENTE de A.G. Woodhead, 1972, 241pp<\/p>\n","protected":false},"excerpt":{"rendered":"<p>COLEC\u00c7\u00c3O HIST\u00d3RIA MUNDI. [23 VOLS.] Editorial Verbo Ano de edi\u00e7\u00e3o: \u00a01966 &#8211; 1972 Editor: Editorial Verbo, Lisboa Idioma: Portugu\u00eas Dimens\u00f5es: 15.5 x v\u00e1rios x 21 cm Encaderna\u00e7\u00e3o: Capa dura P\u00e1ginas: v\u00e1rios Encaderna\u00e7\u00e3o do editor, com ferros a seco nas pastas anteriores e ferros a ouro nas lombadas. Ilustrados. ( 23 volumes de uma collec\u00e7\u00e3o de [&hellip;]<\/p>\n","protected":false},"featured_media":885,"comment_status":"open","ping_status":"closed","template":"","meta":{"om_disable_all_campaigns":false,"_monsterinsights_skip_tracking":false,"_monsterinsights_sitenote_active":false,"_monsterinsights_sitenote_note":"","_monsterinsights_sitenote_category":0,"_uf_show_specific_survey":0,"_uf_disable_surveys":false},"product_cat":[30],"product_tag":[],"aioseo_notices":[],"jetpack_sharing_enabled":true,"_links":{"self":[{"href":"https:\/\/casadolivreiro.pt\/index.php\/wp-json\/wp\/v2\/product\/884"}],"collection":[{"href":"https:\/\/casadolivreiro.pt\/index.php\/wp-json\/wp\/v2\/product"}],"about":[{"href":"https:\/\/casadolivreiro.pt\/index.php\/wp-json\/wp\/v2\/types\/product"}],"replies":[{"embeddable":true,"href":"https:\/\/casadolivreiro.pt\/index.php\/wp-json\/wp\/v2\/comments?post=884"}],"wp:featuredmedia":[{"embeddable":true,"href":"https:\/\/casadolivreiro.pt\/index.php\/wp-json\/wp\/v2\/media\/885"}],"wp:attachment":[{"href":"https:\/\/casadolivreiro.pt\/index.php\/wp-json\/wp\/v2\/media?parent=884"}],"wp:term":[{"taxonomy":"product_cat","embeddable":true,"href":"https:\/\/casadolivreiro.pt\/index.php\/wp-json\/wp\/v2\/product_cat?post=884"},{"taxonomy":"product_tag","embeddable":true,"href":"https:\/\/casadolivreiro.pt\/index.php\/wp-json\/wp\/v2\/product_tag?post=884"}],"curies":[{"name":"wp","href":"https:\/\/api.w.org\/{rel}","templated":true}]}}