{"id":882,"date":"2024-03-18T23:46:02","date_gmt":"2024-03-18T23:46:02","guid":{"rendered":"https:\/\/casadolivreiro.pt\/?post_type=product&#038;p=882"},"modified":"2024-03-18T23:46:02","modified_gmt":"2024-03-18T23:46:02","slug":"os-assassinos-entre-nos-simon-wiesenthal-coleccao-livros-unibolso-duplo-no-58","status":"publish","type":"product","link":"https:\/\/casadolivreiro.pt\/index.php\/product\/os-assassinos-entre-nos-simon-wiesenthal-coleccao-livros-unibolso-duplo-no-58\/","title":{"rendered":"OS ASSASSINOS ENTRE N\u00d3S &#8211; Simon Wiesenthal, Colec\u00e7\u00e3o Livros Unibolso Duplo \u2013 No.58"},"content":{"rendered":"<p>OS ASSASSINOS ENTRE N\u00d3S<br \/>\nSimon Wiesenthal<br \/>\nColec\u00e7\u00e3o Livros Unibolso Duplo \u2013 No.58<br \/>\nAno de edi\u00e7\u00e3o: 1973?<br \/>\nEditor: Editores Associados, Lisboa<br \/>\nIdioma: Portugu\u00eas<br \/>\nDimens\u00f5es: 12 x 1.7 x 18 cm<br \/>\nEncaderna\u00e7\u00e3o: Capa mole<br \/>\nP\u00e1ginas: 357<\/p>\n","protected":false},"excerpt":{"rendered":"<p>OS ASSASSINOS ENTRE N\u00d3S Simon Wiesenthal Colec\u00e7\u00e3o Livros Unibolso Duplo \u2013 No.58 Ano de edi\u00e7\u00e3o: 1973? Editor: Editores Associados, Lisboa Idioma: Portugu\u00eas Dimens\u00f5es: 12 x 1.7 x 18 cm Encaderna\u00e7\u00e3o: Capa mole P\u00e1ginas: 357<\/p>\n","protected":false},"featured_media":883,"comment_status":"open","ping_status":"closed","template":"","meta":{"om_disable_all_campaigns":false,"_monsterinsights_skip_tracking":false,"_monsterinsights_sitenote_active":false,"_monsterinsights_sitenote_note":"","_monsterinsights_sitenote_category":0,"_uf_show_specific_survey":0,"_uf_disable_surveys":false},"product_cat":[30,44],"product_tag":[],"aioseo_notices":[],"jetpack_sharing_enabled":true,"_links":{"self":[{"href":"https:\/\/casadolivreiro.pt\/index.php\/wp-json\/wp\/v2\/product\/882"}],"collection":[{"href":"https:\/\/casadolivreiro.pt\/index.php\/wp-json\/wp\/v2\/product"}],"about":[{"href":"https:\/\/casadolivreiro.pt\/index.php\/wp-json\/wp\/v2\/types\/product"}],"replies":[{"embeddable":true,"href":"https:\/\/casadolivreiro.pt\/index.php\/wp-json\/wp\/v2\/comments?post=882"}],"wp:featuredmedia":[{"embeddable":true,"href":"https:\/\/casadolivreiro.pt\/index.php\/wp-json\/wp\/v2\/media\/883"}],"wp:attachment":[{"href":"https:\/\/casadolivreiro.pt\/index.php\/wp-json\/wp\/v2\/media?parent=882"}],"wp:term":[{"taxonomy":"product_cat","embeddable":true,"href":"https:\/\/casadolivreiro.pt\/index.php\/wp-json\/wp\/v2\/product_cat?post=882"},{"taxonomy":"product_tag","embeddable":true,"href":"https:\/\/casadolivreiro.pt\/index.php\/wp-json\/wp\/v2\/product_tag?post=882"}],"curies":[{"name":"wp","href":"https:\/\/api.w.org\/{rel}","templated":true}]}}