{"id":879,"date":"2024-03-18T23:42:40","date_gmt":"2024-03-18T23:42:40","guid":{"rendered":"https:\/\/casadolivreiro.pt\/?post_type=product&#038;p=879"},"modified":"2024-03-18T23:42:40","modified_gmt":"2024-03-18T23:42:40","slug":"os-guerrilheiros-jean-larteguy-coleccao-livros-unibolso-duplo-no-117","status":"publish","type":"product","link":"https:\/\/casadolivreiro.pt\/index.php\/product\/os-guerrilheiros-jean-larteguy-coleccao-livros-unibolso-duplo-no-117\/","title":{"rendered":"OS GUERRILHEIROS &#8211; Jean Lart\u00e9guy, Colec\u00e7\u00e3o Livros Unibolso Duplo \u2013 No.117"},"content":{"rendered":"<p>OS GUERRILHEIROS<br \/>\nJean Lart\u00e9guy<br \/>\nColec\u00e7\u00e3o Livros Unibolso Duplo \u2013 No.117<br \/>\nAno de edi\u00e7\u00e3o: 1974?<br \/>\nEditor: Editores Associados, Lisboa<br \/>\nIdioma: Portugu\u00eas<br \/>\nDimens\u00f5es: 12 x 1.6 x 18 cm<br \/>\nEncaderna\u00e7\u00e3o: Capa mole<br \/>\nP\u00e1ginas: 294<\/p>\n","protected":false},"excerpt":{"rendered":"<p>OS GUERRILHEIROS Jean Lart\u00e9guy Colec\u00e7\u00e3o Livros Unibolso Duplo \u2013 No.117 Ano de edi\u00e7\u00e3o: 1974? Editor: Editores Associados, Lisboa Idioma: Portugu\u00eas Dimens\u00f5es: 12 x 1.6 x 18 cm Encaderna\u00e7\u00e3o: Capa mole P\u00e1ginas: 294<\/p>\n","protected":false},"featured_media":881,"comment_status":"open","ping_status":"closed","template":"","meta":{"om_disable_all_campaigns":false,"_monsterinsights_skip_tracking":false,"_monsterinsights_sitenote_active":false,"_monsterinsights_sitenote_note":"","_monsterinsights_sitenote_category":0,"_uf_show_specific_survey":0,"_uf_disable_surveys":false},"product_cat":[31,30],"product_tag":[],"aioseo_notices":[],"jetpack_sharing_enabled":true,"_links":{"self":[{"href":"https:\/\/casadolivreiro.pt\/index.php\/wp-json\/wp\/v2\/product\/879"}],"collection":[{"href":"https:\/\/casadolivreiro.pt\/index.php\/wp-json\/wp\/v2\/product"}],"about":[{"href":"https:\/\/casadolivreiro.pt\/index.php\/wp-json\/wp\/v2\/types\/product"}],"replies":[{"embeddable":true,"href":"https:\/\/casadolivreiro.pt\/index.php\/wp-json\/wp\/v2\/comments?post=879"}],"wp:featuredmedia":[{"embeddable":true,"href":"https:\/\/casadolivreiro.pt\/index.php\/wp-json\/wp\/v2\/media\/881"}],"wp:attachment":[{"href":"https:\/\/casadolivreiro.pt\/index.php\/wp-json\/wp\/v2\/media?parent=879"}],"wp:term":[{"taxonomy":"product_cat","embeddable":true,"href":"https:\/\/casadolivreiro.pt\/index.php\/wp-json\/wp\/v2\/product_cat?post=879"},{"taxonomy":"product_tag","embeddable":true,"href":"https:\/\/casadolivreiro.pt\/index.php\/wp-json\/wp\/v2\/product_tag?post=879"}],"curies":[{"name":"wp","href":"https:\/\/api.w.org\/{rel}","templated":true}]}}