{"id":875,"date":"2024-03-18T23:33:40","date_gmt":"2024-03-18T23:33:40","guid":{"rendered":"https:\/\/casadolivreiro.pt\/?post_type=product&#038;p=875"},"modified":"2024-03-18T23:33:40","modified_gmt":"2024-03-18T23:33:40","slug":"o-planeta-dos-macacos-pierre-boulle-coleccao-livros-unibolso-no-66","status":"publish","type":"product","link":"https:\/\/casadolivreiro.pt\/index.php\/product\/o-planeta-dos-macacos-pierre-boulle-coleccao-livros-unibolso-no-66\/","title":{"rendered":"O PLANETA DOS MACACOS &#8211; Pierre Boulle,  Colec\u00e7\u00e3o Livros Unibolso \u2013 No.66"},"content":{"rendered":"<p>O PLANETA DOS MACACOS<br \/>\nPierre Boulle<br \/>\nColec\u00e7\u00e3o Livros Unibolso \u2013 No.66<br \/>\nAno de edi\u00e7\u00e3o: 1973?<br \/>\nEditor: Editores Associados, Lisboa<br \/>\nIdioma: Portugu\u00eas<br \/>\nDimens\u00f5es: 12 x 1 x 18 cm<br \/>\nEncaderna\u00e7\u00e3o: Capa mole<br \/>\nP\u00e1ginas: 182<\/p>\n","protected":false},"excerpt":{"rendered":"<p>O PLANETA DOS MACACOS Pierre Boulle Colec\u00e7\u00e3o Livros Unibolso \u2013 No.66 Ano de edi\u00e7\u00e3o: 1973? Editor: Editores Associados, Lisboa Idioma: Portugu\u00eas Dimens\u00f5es: 12 x 1 x 18 cm Encaderna\u00e7\u00e3o: Capa mole P\u00e1ginas: 182<\/p>\n","protected":false},"featured_media":876,"comment_status":"open","ping_status":"closed","template":"","meta":{"om_disable_all_campaigns":false,"_monsterinsights_skip_tracking":false,"_monsterinsights_sitenote_active":false,"_monsterinsights_sitenote_note":"","_monsterinsights_sitenote_category":0,"_uf_show_specific_survey":0,"_uf_disable_surveys":false},"product_cat":[26],"product_tag":[],"aioseo_notices":[],"jetpack_sharing_enabled":true,"_links":{"self":[{"href":"https:\/\/casadolivreiro.pt\/index.php\/wp-json\/wp\/v2\/product\/875"}],"collection":[{"href":"https:\/\/casadolivreiro.pt\/index.php\/wp-json\/wp\/v2\/product"}],"about":[{"href":"https:\/\/casadolivreiro.pt\/index.php\/wp-json\/wp\/v2\/types\/product"}],"replies":[{"embeddable":true,"href":"https:\/\/casadolivreiro.pt\/index.php\/wp-json\/wp\/v2\/comments?post=875"}],"wp:featuredmedia":[{"embeddable":true,"href":"https:\/\/casadolivreiro.pt\/index.php\/wp-json\/wp\/v2\/media\/876"}],"wp:attachment":[{"href":"https:\/\/casadolivreiro.pt\/index.php\/wp-json\/wp\/v2\/media?parent=875"}],"wp:term":[{"taxonomy":"product_cat","embeddable":true,"href":"https:\/\/casadolivreiro.pt\/index.php\/wp-json\/wp\/v2\/product_cat?post=875"},{"taxonomy":"product_tag","embeddable":true,"href":"https:\/\/casadolivreiro.pt\/index.php\/wp-json\/wp\/v2\/product_tag?post=875"}],"curies":[{"name":"wp","href":"https:\/\/api.w.org\/{rel}","templated":true}]}}