{"id":867,"date":"2024-03-18T23:18:00","date_gmt":"2024-03-18T23:18:00","guid":{"rendered":"https:\/\/casadolivreiro.pt\/?post_type=product&#038;p=867"},"modified":"2024-03-18T23:18:00","modified_gmt":"2024-03-18T23:18:00","slug":"um-negro-que-quis-viver-richard-wright-coleccao-livros-unibolso-duplo-no-71","status":"publish","type":"product","link":"https:\/\/casadolivreiro.pt\/index.php\/product\/um-negro-que-quis-viver-richard-wright-coleccao-livros-unibolso-duplo-no-71\/","title":{"rendered":"UM NEGRO QUE QUIS VIVER &#8211; Richard Wright, Colec\u00e7\u00e3o Livros Unibolso Duplo \u2013 No.71"},"content":{"rendered":"<p>UM NEGRO QUE QUIS VIVER<br \/>\nRichard Wright<br \/>\nColec\u00e7\u00e3o Livros Unibolso Duplo \u2013 No.71<br \/>\nAno de edi\u00e7\u00e3o: 1974?<br \/>\nEditor: Editores Associados, Lisboa<br \/>\nIdioma: Portugu\u00eas<br \/>\nDimens\u00f5es: 12 x 2.2 x 18 cm<br \/>\nEncaderna\u00e7\u00e3o: Capa mole<br \/>\nP\u00e1ginas: 347<\/p>\n","protected":false},"excerpt":{"rendered":"<p>UM NEGRO QUE QUIS VIVER Richard Wright Colec\u00e7\u00e3o Livros Unibolso Duplo \u2013 No.71 Ano de edi\u00e7\u00e3o: 1974? Editor: Editores Associados, Lisboa Idioma: Portugu\u00eas Dimens\u00f5es: 12 x 2.2 x 18 cm Encaderna\u00e7\u00e3o: Capa mole P\u00e1ginas: 347<\/p>\n","protected":false},"featured_media":868,"comment_status":"open","ping_status":"closed","template":"","meta":{"om_disable_all_campaigns":false,"_monsterinsights_skip_tracking":false,"_monsterinsights_sitenote_active":false,"_monsterinsights_sitenote_note":"","_monsterinsights_sitenote_category":0,"_uf_show_specific_survey":0,"_uf_disable_surveys":false},"product_cat":[26],"product_tag":[],"aioseo_notices":[],"jetpack_sharing_enabled":true,"_links":{"self":[{"href":"https:\/\/casadolivreiro.pt\/index.php\/wp-json\/wp\/v2\/product\/867"}],"collection":[{"href":"https:\/\/casadolivreiro.pt\/index.php\/wp-json\/wp\/v2\/product"}],"about":[{"href":"https:\/\/casadolivreiro.pt\/index.php\/wp-json\/wp\/v2\/types\/product"}],"replies":[{"embeddable":true,"href":"https:\/\/casadolivreiro.pt\/index.php\/wp-json\/wp\/v2\/comments?post=867"}],"wp:featuredmedia":[{"embeddable":true,"href":"https:\/\/casadolivreiro.pt\/index.php\/wp-json\/wp\/v2\/media\/868"}],"wp:attachment":[{"href":"https:\/\/casadolivreiro.pt\/index.php\/wp-json\/wp\/v2\/media?parent=867"}],"wp:term":[{"taxonomy":"product_cat","embeddable":true,"href":"https:\/\/casadolivreiro.pt\/index.php\/wp-json\/wp\/v2\/product_cat?post=867"},{"taxonomy":"product_tag","embeddable":true,"href":"https:\/\/casadolivreiro.pt\/index.php\/wp-json\/wp\/v2\/product_tag?post=867"}],"curies":[{"name":"wp","href":"https:\/\/api.w.org\/{rel}","templated":true}]}}