{"id":859,"date":"2024-03-18T21:09:23","date_gmt":"2024-03-18T21:09:23","guid":{"rendered":"https:\/\/casadolivreiro.pt\/?post_type=product&#038;p=859"},"modified":"2024-03-18T21:09:23","modified_gmt":"2024-03-18T21:09:23","slug":"a-filha-do-escritor-gustavo-bernardo","status":"publish","type":"product","link":"https:\/\/casadolivreiro.pt\/index.php\/product\/a-filha-do-escritor-gustavo-bernardo\/","title":{"rendered":"A FILHA DO ESCRITOR &#8211; Gustavo Bernardo"},"content":{"rendered":"<p>A FILHA DO ESCRITOR<br \/>\nGustavo Bernardo<br \/>\nPrimeira edi\u00e7\u00e3o.<br \/>\nISBN: 978-85-220-0971-8<br \/>\nAno de edi\u00e7\u00e3o: 2008<br \/>\nEditor: Agir Editora Ltda, \u00a0Rio de Janeiro<br \/>\nIdioma: Portugu\u00eas<br \/>\nDimens\u00f5es: 13.5 x 1.2 x 21 cm<br \/>\nEncaderna\u00e7\u00e3o: Capa mole<br \/>\nP\u00e1ginas: 148<\/p>\n","protected":false},"excerpt":{"rendered":"<p>A FILHA DO ESCRITOR Gustavo Bernardo Primeira edi\u00e7\u00e3o. ISBN: 978-85-220-0971-8 Ano de edi\u00e7\u00e3o: 2008 Editor: Agir Editora Ltda, \u00a0Rio de Janeiro Idioma: Portugu\u00eas Dimens\u00f5es: 13.5 x 1.2 x 21 cm Encaderna\u00e7\u00e3o: Capa mole P\u00e1ginas: 148<\/p>\n","protected":false},"featured_media":860,"comment_status":"open","ping_status":"closed","template":"","meta":{"om_disable_all_campaigns":false,"_monsterinsights_skip_tracking":false,"_monsterinsights_sitenote_active":false,"_monsterinsights_sitenote_note":"","_monsterinsights_sitenote_category":0,"_uf_show_specific_survey":0,"_uf_disable_surveys":false},"product_cat":[25],"product_tag":[],"aioseo_notices":[],"jetpack_sharing_enabled":true,"_links":{"self":[{"href":"https:\/\/casadolivreiro.pt\/index.php\/wp-json\/wp\/v2\/product\/859"}],"collection":[{"href":"https:\/\/casadolivreiro.pt\/index.php\/wp-json\/wp\/v2\/product"}],"about":[{"href":"https:\/\/casadolivreiro.pt\/index.php\/wp-json\/wp\/v2\/types\/product"}],"replies":[{"embeddable":true,"href":"https:\/\/casadolivreiro.pt\/index.php\/wp-json\/wp\/v2\/comments?post=859"}],"wp:featuredmedia":[{"embeddable":true,"href":"https:\/\/casadolivreiro.pt\/index.php\/wp-json\/wp\/v2\/media\/860"}],"wp:attachment":[{"href":"https:\/\/casadolivreiro.pt\/index.php\/wp-json\/wp\/v2\/media?parent=859"}],"wp:term":[{"taxonomy":"product_cat","embeddable":true,"href":"https:\/\/casadolivreiro.pt\/index.php\/wp-json\/wp\/v2\/product_cat?post=859"},{"taxonomy":"product_tag","embeddable":true,"href":"https:\/\/casadolivreiro.pt\/index.php\/wp-json\/wp\/v2\/product_tag?post=859"}],"curies":[{"name":"wp","href":"https:\/\/api.w.org\/{rel}","templated":true}]}}