{"id":856,"date":"2024-03-18T21:05:23","date_gmt":"2024-03-18T21:05:23","guid":{"rendered":"https:\/\/casadolivreiro.pt\/?post_type=product&#038;p=856"},"modified":"2026-01-21T15:06:26","modified_gmt":"2026-01-21T15:06:26","slug":"memorias-vol-1-e-vol-2-raul-brandao","status":"publish","type":"product","link":"https:\/\/casadolivreiro.pt\/index.php\/product\/memorias-vol-1-e-vol-2-raul-brandao\/","title":{"rendered":"MEM\u00d3RIAS  Vol. 1, Vol. 2, e Vol.3 &#8211; Raul Brand\u00e3o"},"content":{"rendered":"<p>MEM\u00d3RIAS\u00a0 Vol. 1, Vol. 2 e Vol.3<br \/>\nRaul Brand\u00e3o<br \/>\nAno de edi\u00e7\u00e3o:<br \/>\nEditor: Perspectives e Realidades, Lisboa<br \/>\nIdioma: Portugu\u00eas<br \/>\nDimens\u00f5es: 14.3 \u00a0x 1.8 x 20.7 cm \u00a0(14.3\u00a0 x 1.3 x 20.7 cm, 14.3\u00a0 x 1.2 x 20.7 cm)<br \/>\nEncaderna\u00e7\u00e3o: Capa mole<br \/>\nP\u00e1ginas: 241, 219, e 211<\/p>\n","protected":false},"excerpt":{"rendered":"<p>MEM\u00d3RIAS\u00a0 Vol. 1, Vol. 2 e Vol.3 Raul Brand\u00e3o Ano de edi\u00e7\u00e3o: Editor: Perspectives e Realidades, Lisboa Idioma: Portugu\u00eas Dimens\u00f5es: 14.3 \u00a0x 1.8 x 20.7 cm \u00a0(14.3\u00a0 x 1.3 x 20.7 cm, 14.3\u00a0 x 1.2 x 20.7 cm) Encaderna\u00e7\u00e3o: Capa mole P\u00e1ginas: 241, 219, e 211<\/p>\n","protected":false},"featured_media":858,"comment_status":"open","ping_status":"closed","template":"","meta":{"om_disable_all_campaigns":false,"_monsterinsights_skip_tracking":false,"_monsterinsights_sitenote_active":false,"_monsterinsights_sitenote_note":"","_monsterinsights_sitenote_category":0,"_uf_show_specific_survey":0,"_uf_disable_surveys":false},"product_cat":[25,36],"product_tag":[],"aioseo_notices":[],"jetpack_sharing_enabled":true,"_links":{"self":[{"href":"https:\/\/casadolivreiro.pt\/index.php\/wp-json\/wp\/v2\/product\/856"}],"collection":[{"href":"https:\/\/casadolivreiro.pt\/index.php\/wp-json\/wp\/v2\/product"}],"about":[{"href":"https:\/\/casadolivreiro.pt\/index.php\/wp-json\/wp\/v2\/types\/product"}],"replies":[{"embeddable":true,"href":"https:\/\/casadolivreiro.pt\/index.php\/wp-json\/wp\/v2\/comments?post=856"}],"wp:featuredmedia":[{"embeddable":true,"href":"https:\/\/casadolivreiro.pt\/index.php\/wp-json\/wp\/v2\/media\/858"}],"wp:attachment":[{"href":"https:\/\/casadolivreiro.pt\/index.php\/wp-json\/wp\/v2\/media?parent=856"}],"wp:term":[{"taxonomy":"product_cat","embeddable":true,"href":"https:\/\/casadolivreiro.pt\/index.php\/wp-json\/wp\/v2\/product_cat?post=856"},{"taxonomy":"product_tag","embeddable":true,"href":"https:\/\/casadolivreiro.pt\/index.php\/wp-json\/wp\/v2\/product_tag?post=856"}],"curies":[{"name":"wp","href":"https:\/\/api.w.org\/{rel}","templated":true}]}}