{"id":844,"date":"2024-03-18T20:41:25","date_gmt":"2024-03-18T20:41:25","guid":{"rendered":"https:\/\/casadolivreiro.pt\/?post_type=product&#038;p=844"},"modified":"2024-03-18T20:41:26","modified_gmt":"2024-03-18T20:41:26","slug":"sei-la-margarida-rebelo-pinto","status":"publish","type":"product","link":"https:\/\/casadolivreiro.pt\/index.php\/product\/sei-la-margarida-rebelo-pinto\/","title":{"rendered":"SEI L\u00c1 Margarida &#8211; Rebelo Pinto"},"content":{"rendered":"<p>SEI L\u00c1<br \/>\nMargarida Rebelo Pinto<br \/>\nISBN: 972-29-0446-9<br \/>\nAno de edi\u00e7\u00e3o: 1999<br \/>\nEditor: Difel, S.A.<br \/>\nIdioma: Portugu\u00eas<br \/>\nDimens\u00f5es: 14 x 1.1 x 21 cm<br \/>\nEncaderna\u00e7\u00e3o: Capa mole<br \/>\nP\u00e1ginas: 197<\/p>\n<p>&#8220;Sei L\u00e1&#8221; \u00e9 fresco realista de uma gera\u00e7\u00e3o \u2013 das suas d\u00favidas, ambi\u00e7\u00f5es, derrotas, fraquezas e preconceitos \u2013 na perspetiva de Madalena, uma mulher que descobre que a vida nunca \u00e9 o que parece, e um livro que faz bem a todas as mulheres. \u00abO &#8220;Sei L\u00e1&#8221; marcou uma gera\u00e7\u00e3o: a minha. Os di\u00e1logos entre um grupo de amigas sobre as rela\u00e7\u00f5es, o amor e o sexo eram o espelho da nova mulher portuguesa. Talvez, quem sabe, quinze anos depois, n\u00e3o ter\u00e1 este livro ajudado as mulheres a falar destes temas de forma mais aberta e sem culpa.<\/p>\n","protected":false},"excerpt":{"rendered":"<p>SEI L\u00c1 Margarida Rebelo Pinto ISBN: 972-29-0446-9 Ano de edi\u00e7\u00e3o: 1999 Editor: Difel, S.A. Idioma: Portugu\u00eas Dimens\u00f5es: 14 x 1.1 x 21 cm Encaderna\u00e7\u00e3o: Capa mole P\u00e1ginas: 197 &#8220;Sei L\u00e1&#8221; \u00e9 fresco realista de uma gera\u00e7\u00e3o \u2013 das suas d\u00favidas, ambi\u00e7\u00f5es, derrotas, fraquezas e preconceitos \u2013 na perspetiva de Madalena, uma mulher que descobre que [&hellip;]<\/p>\n","protected":false},"featured_media":845,"comment_status":"open","ping_status":"closed","template":"","meta":{"om_disable_all_campaigns":false,"_monsterinsights_skip_tracking":false,"_monsterinsights_sitenote_active":false,"_monsterinsights_sitenote_note":"","_monsterinsights_sitenote_category":0,"_uf_show_specific_survey":0,"_uf_disable_surveys":false},"product_cat":[25,37],"product_tag":[],"aioseo_notices":[],"jetpack_sharing_enabled":true,"_links":{"self":[{"href":"https:\/\/casadolivreiro.pt\/index.php\/wp-json\/wp\/v2\/product\/844"}],"collection":[{"href":"https:\/\/casadolivreiro.pt\/index.php\/wp-json\/wp\/v2\/product"}],"about":[{"href":"https:\/\/casadolivreiro.pt\/index.php\/wp-json\/wp\/v2\/types\/product"}],"replies":[{"embeddable":true,"href":"https:\/\/casadolivreiro.pt\/index.php\/wp-json\/wp\/v2\/comments?post=844"}],"wp:featuredmedia":[{"embeddable":true,"href":"https:\/\/casadolivreiro.pt\/index.php\/wp-json\/wp\/v2\/media\/845"}],"wp:attachment":[{"href":"https:\/\/casadolivreiro.pt\/index.php\/wp-json\/wp\/v2\/media?parent=844"}],"wp:term":[{"taxonomy":"product_cat","embeddable":true,"href":"https:\/\/casadolivreiro.pt\/index.php\/wp-json\/wp\/v2\/product_cat?post=844"},{"taxonomy":"product_tag","embeddable":true,"href":"https:\/\/casadolivreiro.pt\/index.php\/wp-json\/wp\/v2\/product_tag?post=844"}],"curies":[{"name":"wp","href":"https:\/\/api.w.org\/{rel}","templated":true}]}}