{"id":834,"date":"2024-03-18T20:23:26","date_gmt":"2024-03-18T20:23:26","guid":{"rendered":"https:\/\/casadolivreiro.pt\/?post_type=product&#038;p=834"},"modified":"2025-04-22T13:36:39","modified_gmt":"2025-04-22T13:36:39","slug":"dez-erros-judiciarios-americo-faria-coleccao-dez-vol-13","status":"publish","type":"product","link":"https:\/\/casadolivreiro.pt\/index.php\/product\/dez-erros-judiciarios-americo-faria-coleccao-dez-vol-13\/","title":{"rendered":"DEZ ERROS JUDICI\u00c1RIOS &#8211; Am\u00e9rico Faria, Colec\u00e7\u00e3o DEZ, Vol. 13"},"content":{"rendered":"<p>DEZ ERROS JUDICI\u00c1RIOS<br \/>\nAm\u00e9rico Faria<br \/>\nColec\u00e7\u00e3o DEZ, Vol. 13<br \/>\nAno de edi\u00e7\u00e3o: 1957<br \/>\nEditor: Livraria Cl\u00e1ssica Editora, Lisboa<br \/>\nIdioma: Portugu\u00eas<br \/>\nDimens\u00f5es: 11.8 x 1.1 x 18 cm<br \/>\nEncaderna\u00e7\u00e3o: Capa mole<br \/>\nP\u00e1ginas: 206<\/p>\n","protected":false},"excerpt":{"rendered":"<p>DEZ ERROS JUDICI\u00c1RIOS Am\u00e9rico Faria Colec\u00e7\u00e3o DEZ, Vol. 13 Ano de edi\u00e7\u00e3o: 1957 Editor: Livraria Cl\u00e1ssica Editora, Lisboa Idioma: Portugu\u00eas Dimens\u00f5es: 11.8 x 1.1 x 18 cm Encaderna\u00e7\u00e3o: Capa mole P\u00e1ginas: 206<\/p>\n","protected":false},"featured_media":835,"comment_status":"open","ping_status":"closed","template":"","meta":{"om_disable_all_campaigns":false,"_monsterinsights_skip_tracking":false,"_monsterinsights_sitenote_active":false,"_monsterinsights_sitenote_note":"","_monsterinsights_sitenote_category":0,"_uf_show_specific_survey":0,"_uf_disable_surveys":false},"product_cat":[42,25,36,44],"product_tag":[],"aioseo_notices":[],"jetpack_sharing_enabled":true,"_links":{"self":[{"href":"https:\/\/casadolivreiro.pt\/index.php\/wp-json\/wp\/v2\/product\/834"}],"collection":[{"href":"https:\/\/casadolivreiro.pt\/index.php\/wp-json\/wp\/v2\/product"}],"about":[{"href":"https:\/\/casadolivreiro.pt\/index.php\/wp-json\/wp\/v2\/types\/product"}],"replies":[{"embeddable":true,"href":"https:\/\/casadolivreiro.pt\/index.php\/wp-json\/wp\/v2\/comments?post=834"}],"wp:featuredmedia":[{"embeddable":true,"href":"https:\/\/casadolivreiro.pt\/index.php\/wp-json\/wp\/v2\/media\/835"}],"wp:attachment":[{"href":"https:\/\/casadolivreiro.pt\/index.php\/wp-json\/wp\/v2\/media?parent=834"}],"wp:term":[{"taxonomy":"product_cat","embeddable":true,"href":"https:\/\/casadolivreiro.pt\/index.php\/wp-json\/wp\/v2\/product_cat?post=834"},{"taxonomy":"product_tag","embeddable":true,"href":"https:\/\/casadolivreiro.pt\/index.php\/wp-json\/wp\/v2\/product_tag?post=834"}],"curies":[{"name":"wp","href":"https:\/\/api.w.org\/{rel}","templated":true}]}}