{"id":832,"date":"2024-03-18T20:19:22","date_gmt":"2024-03-18T20:19:22","guid":{"rendered":"https:\/\/casadolivreiro.pt\/?post_type=product&#038;p=832"},"modified":"2024-03-18T20:19:22","modified_gmt":"2024-03-18T20:19:22","slug":"dez-mulheres-excepcionais-americo-faria-coleccao-dez-vol-33","status":"publish","type":"product","link":"https:\/\/casadolivreiro.pt\/index.php\/product\/dez-mulheres-excepcionais-americo-faria-coleccao-dez-vol-33\/","title":{"rendered":"DEZ MULHERES EXCEPCIONAIS Am\u00e9rico Faria Colec\u00e7\u00e3o DEZ, Vol. 33"},"content":{"rendered":"<p>DEZ MULHERES EXCEPCIONAIS<br \/>\nAm\u00e9rico Faria<br \/>\nColec\u00e7\u00e3o DEZ, Vol. 33<br \/>\nAno de edi\u00e7\u00e3o: 1957<br \/>\nEditor: Livraria Cl\u00e1ssica Editora, Lisboa<br \/>\nIdioma: Portugu\u00eas<br \/>\nDimens\u00f5es: 11.8 x 1.1 x 18 cm<br \/>\nEncaderna\u00e7\u00e3o: Capa mole<br \/>\nP\u00e1ginas: 190<\/p>\n","protected":false},"excerpt":{"rendered":"<p>DEZ MULHERES EXCEPCIONAIS Am\u00e9rico Faria Colec\u00e7\u00e3o DEZ, Vol. 33 Ano de edi\u00e7\u00e3o: 1957 Editor: Livraria Cl\u00e1ssica Editora, Lisboa Idioma: Portugu\u00eas Dimens\u00f5es: 11.8 x 1.1 x 18 cm Encaderna\u00e7\u00e3o: Capa mole P\u00e1ginas: 190<\/p>\n","protected":false},"featured_media":833,"comment_status":"open","ping_status":"closed","template":"","meta":{"om_disable_all_campaigns":false,"_monsterinsights_skip_tracking":false,"_monsterinsights_sitenote_active":false,"_monsterinsights_sitenote_note":"","_monsterinsights_sitenote_category":0,"_uf_show_specific_survey":0,"_uf_disable_surveys":false},"product_cat":[28,25,36],"product_tag":[],"aioseo_notices":[],"jetpack_sharing_enabled":true,"_links":{"self":[{"href":"https:\/\/casadolivreiro.pt\/index.php\/wp-json\/wp\/v2\/product\/832"}],"collection":[{"href":"https:\/\/casadolivreiro.pt\/index.php\/wp-json\/wp\/v2\/product"}],"about":[{"href":"https:\/\/casadolivreiro.pt\/index.php\/wp-json\/wp\/v2\/types\/product"}],"replies":[{"embeddable":true,"href":"https:\/\/casadolivreiro.pt\/index.php\/wp-json\/wp\/v2\/comments?post=832"}],"wp:featuredmedia":[{"embeddable":true,"href":"https:\/\/casadolivreiro.pt\/index.php\/wp-json\/wp\/v2\/media\/833"}],"wp:attachment":[{"href":"https:\/\/casadolivreiro.pt\/index.php\/wp-json\/wp\/v2\/media?parent=832"}],"wp:term":[{"taxonomy":"product_cat","embeddable":true,"href":"https:\/\/casadolivreiro.pt\/index.php\/wp-json\/wp\/v2\/product_cat?post=832"},{"taxonomy":"product_tag","embeddable":true,"href":"https:\/\/casadolivreiro.pt\/index.php\/wp-json\/wp\/v2\/product_tag?post=832"}],"curies":[{"name":"wp","href":"https:\/\/api.w.org\/{rel}","templated":true}]}}