{"id":748,"date":"2024-03-17T20:22:16","date_gmt":"2024-03-17T20:22:16","guid":{"rendered":"https:\/\/casadolivreiro.pt\/?post_type=product&#038;p=748"},"modified":"2024-03-17T20:22:17","modified_gmt":"2024-03-17T20:22:17","slug":"ginastica-e-friedrich-e-m-nilsson","status":"publish","type":"product","link":"https:\/\/casadolivreiro.pt\/index.php\/product\/ginastica-e-friedrich-e-m-nilsson\/","title":{"rendered":"GIN\u00c1STICA &#8211; E. Friedrich e M. Nilsson"},"content":{"rendered":"<p>GIN\u00c1STICA<br \/>\nE. Friedrich e M. Nilsson<br \/>\nTradu\u00e7\u00e3o de Maria Gabriela de Lemos Carvalh\u00e3o Buescu<br \/>\nAno de edi\u00e7\u00e3o: 1982<br \/>\nEditor: Circulo de Leitores<br \/>\nIdioma: Portugu\u00eas<br \/>\nDimens\u00f5es: 10.5 x 1.5 x 19 cm<br \/>\nEncaderna\u00e7\u00e3o: Capa dura<br \/>\nP\u00e1ginas: 218<\/p>\n","protected":false},"excerpt":{"rendered":"<p>GIN\u00c1STICA E. Friedrich e M. Nilsson Tradu\u00e7\u00e3o de Maria Gabriela de Lemos Carvalh\u00e3o Buescu Ano de edi\u00e7\u00e3o: 1982 Editor: Circulo de Leitores Idioma: Portugu\u00eas Dimens\u00f5es: 10.5 x 1.5 x 19 cm Encaderna\u00e7\u00e3o: Capa dura P\u00e1ginas: 218<\/p>\n","protected":false},"featured_media":749,"comment_status":"open","ping_status":"closed","template":"","meta":{"om_disable_all_campaigns":false,"_monsterinsights_skip_tracking":false,"_monsterinsights_sitenote_active":false,"_monsterinsights_sitenote_note":"","_monsterinsights_sitenote_category":0,"_uf_show_specific_survey":0,"_uf_disable_surveys":false},"product_cat":[39],"product_tag":[],"aioseo_notices":[],"jetpack_sharing_enabled":true,"_links":{"self":[{"href":"https:\/\/casadolivreiro.pt\/index.php\/wp-json\/wp\/v2\/product\/748"}],"collection":[{"href":"https:\/\/casadolivreiro.pt\/index.php\/wp-json\/wp\/v2\/product"}],"about":[{"href":"https:\/\/casadolivreiro.pt\/index.php\/wp-json\/wp\/v2\/types\/product"}],"replies":[{"embeddable":true,"href":"https:\/\/casadolivreiro.pt\/index.php\/wp-json\/wp\/v2\/comments?post=748"}],"wp:featuredmedia":[{"embeddable":true,"href":"https:\/\/casadolivreiro.pt\/index.php\/wp-json\/wp\/v2\/media\/749"}],"wp:attachment":[{"href":"https:\/\/casadolivreiro.pt\/index.php\/wp-json\/wp\/v2\/media?parent=748"}],"wp:term":[{"taxonomy":"product_cat","embeddable":true,"href":"https:\/\/casadolivreiro.pt\/index.php\/wp-json\/wp\/v2\/product_cat?post=748"},{"taxonomy":"product_tag","embeddable":true,"href":"https:\/\/casadolivreiro.pt\/index.php\/wp-json\/wp\/v2\/product_tag?post=748"}],"curies":[{"name":"wp","href":"https:\/\/api.w.org\/{rel}","templated":true}]}}