{"id":742,"date":"2024-03-17T19:05:46","date_gmt":"2024-03-17T19:05:46","guid":{"rendered":"https:\/\/casadolivreiro.pt\/?post_type=product&#038;p=742"},"modified":"2024-03-18T16:33:03","modified_gmt":"2024-03-18T16:33:03","slug":"bibioteca-basica-verbo-livros-rtp","status":"publish","type":"product","link":"https:\/\/casadolivreiro.pt\/index.php\/product\/bibioteca-basica-verbo-livros-rtp\/","title":{"rendered":"Bibioteca B\u00e1sica Verbo \u2013 Livros RTP: Vols. 61 -100"},"content":{"rendered":"<p>Bibioteca B\u00e1sica Verbo \u2013 Livros RTP (100 Volumes)<br \/>\nAutor: V\u00c1RIOS<br \/>\nAno de edi\u00e7\u00e3o: 1970, 1971, 1972<br \/>\nEditor: Editorial Verbo, Lisboa<br \/>\nIdioma: Portugu\u00eas<br \/>\nDimens\u00f5es: 12 x v\u00e1rios x 18.4 cm<br \/>\nEncaderna\u00e7\u00e3o: Capa mole<br \/>\nP\u00e1ginas: varios<\/p>\n<p>Colec\u00e7\u00e3o completa da \u201cBiblioteca B\u00e1sica Verbo \u2013 Livros RTP\u201d normalmente designada por Livros RTP ou Colec\u00e7\u00e3o RTP. A colec\u00e7\u00e3o, composta por 100 livros criteriosamente escolhidos, abrange v\u00e1rias \u00e1reas de conhecimento e um lote grande de autores nacionais e estrangeiros, tanto cl\u00e1ssicos como contempor\u00e2neos. Publicada entre Novembro de 1970 e Outubro de 1972, numa parceria estabelecida entre a R\u00e1dio Televis\u00e3o Portuguesa (RTP) e a Editorial Verbo, a colec\u00e7\u00e3o foi um \u00eaxito enorme, com tiragens muito pouco habituais no pa\u00eds. Os primeiros t\u00edtulos alcan\u00e7aram tiragens superiores a 250.000 exemplares. Com a edi\u00e7\u00e3o de um t\u00edtulo por semana, vendido a 15 escudos, o interesse foi esmorecendo lentamente e quando foi publicado o cent\u00e9simo e \u00faltimo t\u00edtulo \u201cOs Lus\u00edadas\u201d de Lu\u00eds de Cam\u00f5es, a tiragem era menos de metade, mas ainda assim superior aos 100.000 exemplares. De destacar na colec\u00e7\u00e3o, a primeira edi\u00e7\u00e3o do romance \u201cA Brusca\u201d de Agustina Bessa-Lu\u00eds, as edi\u00e7\u00f5es ilustradas como \u201c100 Obras Primas da Pintura Europeia\u201d ou v\u00e1rios livros pr\u00e1ticos.<\/p>\n<p>Vol.5 \u2013 O Medico em Casa de Ramiro da Fonseca<br \/>\nVol.6 \u2013 O Vestido Cor de Fogo de Jos\u00e9 R\u00e9gio<br \/>\nVol.7 \u2013 Memorial de Aires de Machado de Assis<br \/>\nVol.8 \u2013 Werther de Goethe<br \/>\nVol.9 \u2013 Segredos da Vida Mental de Jos\u00e9 Luis Pinillos<br \/>\nVol.10 \u2013 Quatro Pris\u00f5es Debaixo de Armas de Vitorino Nem\u00e9sio<br \/>\nVol.11 \u2013 A Tia Tula de Miguel de Unamuno<br \/>\nVol.12 \u2013 Carta de Guia de Casados\u00a0 de D. Francisco Manuel de Melo<br \/>\nVol.13 &#8211; N\u00f3s, as Crian\u00e7as \u2013 Conselhos de um M\u00e9dico Pediatra de G\u00e9rard Mahec<br \/>\nVol.14 \u2013 O Esp\u00f3lio do Senhor Cipriano de J\u00falio Dinis<br \/>\nVol.16 \u2013 O Casamento Ardiloso e outras Novelas Exemplares de Cervantes<br \/>\nVol.17 \u2013 Guia de Alimenta\u00e7\u00e3o Racional de G. Pimental<br \/>\nVol.20 \u2013 O Advogado em Casa de Flamino Martins<br \/>\nVol.21 \u2013 Imita\u00e7\u00e3o de Cristo<br \/>\nVol.22 \u2013 O Arco de Sant\u2019Ana de Almeida Garrett<br \/>\nVol.23 \u2013 Eug\u00e9ne Grandet de Balzac<br \/>\nVol.25 \u2013 O Mundo em N\u00fameros de Artur Parreira<br \/>\nVol.26 \u2013 Rio Turve de Branquinho da Fonseca<br \/>\nVol.27 \u2013 O Passado Remoto de Giovanni Papini<br \/>\nVol.29 \u2013 Vamos Falar de Televis\u00e3o de Lopes da Silva e Vasco Hogan Teves<br \/>\nVol.31 \u2013 O Retrato de Dorian Gray de Oscar Wilde<br \/>\nVol.32 \u2013 Poesia L\u00edrica de Luis de Cam\u00f5es<br \/>\nVol.33 \u2013 Problemas da Inf\u00e2ncia e da Adolesc\u00eancia<br \/>\nVol.35 \u2013 Clarissa de Erico Ver\u00edssimo<br \/>\nVol.37 \u2013 A Humanidade Pr\u00e9-Hist\u00f3rica de Pericot Garcia e Maluquer de Motes<br \/>\nVol.38 \u2013 As Mulheres e as Cidades de Augusto de Castro<br \/>\nVol.39 \u2013 A Queda de Albert Camus<br \/>\nVol.40 \u2013 Textos Escolhidos de Fern\u00e3o Lopes<br \/>\nVol.41 \u2013 Vamos Falar de Cinema de Garcia Escudero<br \/>\nVol.42 \u2013 O Bispo Negro de Alexandre Herculano<br \/>\nVol.43 \u2013 A Inoc\u00eancia e o Pecado de Graham Greene<br \/>\nVol.44 \u2013 Lazarilho de Tormes<br \/>\nVol.45 \u2013 O Livro do Autim\u00f3vel de\u00a0 Filipe Nogueira<br \/>\nVol.46 \u2013 Ven\u00e2ncio e outras hist\u00f3rias de Joaquim Pa\u00e7o d\u2019Arcos<br \/>\nVol.47 \u2013 Menino de Engenho de Jos\u00e9 Lins do Rego<br \/>\nVol.49 \u2013 Passaporte para o Futuro de Luis Miravitlles<br \/>\nVol.50 \u2013 Hist\u00f3rias Castelhanas de Domingos Monteiro<br \/>\nVol.51 \u2013 Armance de Stendhal<br \/>\nVol.52 \u2013 Novelas do Decameron de Boccaccio<br \/>\nVol.54 \u2013 Farpas Escolhidas de Ramalho Ortig\u00e3o<br \/>\nVol.55 \u2013 O Mist\u00e9rio dos Frontenac de Fran\u00e7ois Mauriac<br \/>\nVol.57 \u2013 As Fronteiras do Poss\u00edvel de Jacques Bergier<br \/>\nVol.58 \u2013 Contos B\u00e1rbaros de Jo\u00e3o de Ara\u00fajo Correia<br \/>\nVol.60 \u2013 Tr\u00eas Autos e Uma Farsa de Gil Vicente<br \/>\nVol.61 \u2013 A Conquista da Terra<br \/>\nVol.63 \u2013 Contos Escolhidos de Luigi Pirandello<br \/>\nVol.66 \u2013 P\u00e1ginas Escolhidas de Oliveira Martins<br \/>\nVol.68 \u2013 Menina e Mo\u00e7a de Bernardim Ribeiro<br \/>\nVol.69 \u2013 Segredos do Cosmos de Colin A. Ronan<br \/>\nVol.70 \u2013 Uma Noite na Toca do Lobo de Tomaz de Figueiredo<br \/>\nVol.71 \u2013 O \u00d9ltimo Dia de Um Condenado de Victor Hugo<br \/>\nVol.72 \u2013 Antologia Po\u00e9tica de Bocage<br \/>\nVol.73 \u2013 A Morte do Palha\u00e7o e o Mist\u00e9rio da \u00c0rvore de Raul Brand\u00e3o<br \/>\nVol.74 \u2013 Pigmali\u00e3o de Bernard Shaw<br \/>\nVol.78 \u2013 P\u00e1ginas da Peregrina\u00e7\u00e3o de Fern\u00e3o Mendes Pinto<br \/>\nVol.79 \u2013 Poesia Portuguesa do s\u00e9culo XII a 1915 de Cabral do Nascimento<br \/>\nVol.80 \u2013 Tartarin de Tarascon de Alphonse Daudet<br \/>\nVol.81 \u2013 Fuenteovejuna A Luva de Dona Branca de Lope de Veja<br \/>\nVol.82 \u2013 C\u00e1rcere Invis\u00edvel de Francisco Costa<br \/>\nVol.83 \u2013 Um Rapaz da Ge\u00f3rgia de Erskine Caldwell<br \/>\nVol.84 \u2013 Corte na Aldeia de Francisco Rodrigues Lobo<br \/>\nVol.85 \u2013 Antologia do Conto Ultramarino de Am\u00e2ndio C\u00e9sar<br \/>\nVol.86 \u2013 Justine de Lawrence Durrell<br \/>\nVol.87 \u2013 Hamlet de Shakespeare<br \/>\nVol.88 \u2013 Ainda H\u00e1 Estrelas no C\u00e9u de Luis Forjaz Trigueiros<br \/>\nVol.89 \u2013 O Meu Nome \u00c9 Aram de William Saroyan<br \/>\nVol.90 \u2013 Manon Lescaut de Abade Pr\u00e9vost<br \/>\nVol.93 \u2013 Hist\u00f3ria Tr\u00e1gico-Mar\u00edtima de Bernardo Gomes de Brito<br \/>\nVol.94 \u2013 Di\u00e1rio de Um P\u00e1roco de Aldeia de Georges Bernanos<br \/>\nVol.95 \u2013 Pensamentos Escolhidos de Pascal<br \/>\nVol.96 \u2013 Datas e Factos da Hist\u00f3ria do Mundo de Vasco Hogan Teves<br \/>\nVol.97 \u2013 Zadig de Voltaire<br \/>\nVol.98 &#8211; Bairro da Lata de John Steinbeck<br \/>\nVol.100 &#8211; Os Lusiadas de Lu\u00eds de Cam\u00f5es<\/p>\n<p>&nbsp;<\/p>\n","protected":false},"excerpt":{"rendered":"<p>Bibioteca B\u00e1sica Verbo \u2013 Livros RTP (100 Volumes) Autor: V\u00c1RIOS Ano de edi\u00e7\u00e3o: 1970, 1971, 1972 Editor: Editorial Verbo, Lisboa Idioma: Portugu\u00eas Dimens\u00f5es: 12 x v\u00e1rios x 18.4 cm Encaderna\u00e7\u00e3o: Capa mole P\u00e1ginas: varios Colec\u00e7\u00e3o completa da \u201cBiblioteca B\u00e1sica Verbo \u2013 Livros RTP\u201d normalmente designada por Livros RTP ou Colec\u00e7\u00e3o RTP. A colec\u00e7\u00e3o, composta por [&hellip;]<\/p>\n","protected":false},"featured_media":736,"comment_status":"open","ping_status":"closed","template":"","meta":{"om_disable_all_campaigns":false,"_monsterinsights_skip_tracking":false,"_monsterinsights_sitenote_active":false,"_monsterinsights_sitenote_note":"","_monsterinsights_sitenote_category":0,"_uf_show_specific_survey":0,"_uf_disable_surveys":false},"product_cat":[25,26],"product_tag":[],"aioseo_notices":[],"jetpack_sharing_enabled":true,"_links":{"self":[{"href":"https:\/\/casadolivreiro.pt\/index.php\/wp-json\/wp\/v2\/product\/742"}],"collection":[{"href":"https:\/\/casadolivreiro.pt\/index.php\/wp-json\/wp\/v2\/product"}],"about":[{"href":"https:\/\/casadolivreiro.pt\/index.php\/wp-json\/wp\/v2\/types\/product"}],"replies":[{"embeddable":true,"href":"https:\/\/casadolivreiro.pt\/index.php\/wp-json\/wp\/v2\/comments?post=742"}],"wp:featuredmedia":[{"embeddable":true,"href":"https:\/\/casadolivreiro.pt\/index.php\/wp-json\/wp\/v2\/media\/736"}],"wp:attachment":[{"href":"https:\/\/casadolivreiro.pt\/index.php\/wp-json\/wp\/v2\/media?parent=742"}],"wp:term":[{"taxonomy":"product_cat","embeddable":true,"href":"https:\/\/casadolivreiro.pt\/index.php\/wp-json\/wp\/v2\/product_cat?post=742"},{"taxonomy":"product_tag","embeddable":true,"href":"https:\/\/casadolivreiro.pt\/index.php\/wp-json\/wp\/v2\/product_tag?post=742"}],"curies":[{"name":"wp","href":"https:\/\/api.w.org\/{rel}","templated":true}]}}