{"id":732,"date":"2024-03-17T00:24:03","date_gmt":"2024-03-17T00:24:03","guid":{"rendered":"https:\/\/casadolivreiro.pt\/?post_type=product&#038;p=732"},"modified":"2024-03-17T00:24:03","modified_gmt":"2024-03-17T00:24:03","slug":"manutencao-e-reparacoes-do-automovel-j-m-alonso","status":"publish","type":"product","link":"https:\/\/casadolivreiro.pt\/index.php\/product\/manutencao-e-reparacoes-do-automovel-j-m-alonso\/","title":{"rendered":"MANUTEN\u00c7\u00c3O E REPARA\u00c7\u00d5ES DO AUTOM\u00d3VEL &#8211; J.M. Alonso"},"content":{"rendered":"<p>MANUTEN\u00c7\u00c3O E REPARA\u00c7\u00d5ES DO AUTOM\u00d3VEL<br \/>\nJ.M. Alonso<br \/>\nISBN: 972-42-0128-7<br \/>\nAno de edi\u00e7\u00e3o: 1990<br \/>\nEditor: Circulo de Leitores<br \/>\nIdioma: Portugu\u00eas<br \/>\nDimens\u00f5es: 12.5 x 1.1 x 19.8 cm<br \/>\nEncaderna\u00e7\u00e3o: Capa mole<br \/>\nP\u00e1ginas: 206<\/p>\n","protected":false},"excerpt":{"rendered":"<p>MANUTEN\u00c7\u00c3O E REPARA\u00c7\u00d5ES DO AUTOM\u00d3VEL J.M. Alonso ISBN: 972-42-0128-7 Ano de edi\u00e7\u00e3o: 1990 Editor: Circulo de Leitores Idioma: Portugu\u00eas Dimens\u00f5es: 12.5 x 1.1 x 19.8 cm Encaderna\u00e7\u00e3o: Capa mole P\u00e1ginas: 206<\/p>\n","protected":false},"featured_media":733,"comment_status":"open","ping_status":"closed","template":"","meta":{"om_disable_all_campaigns":false,"_monsterinsights_skip_tracking":false,"_monsterinsights_sitenote_active":false,"_monsterinsights_sitenote_note":"","_monsterinsights_sitenote_category":0,"_uf_show_specific_survey":0,"_uf_disable_surveys":false},"product_cat":[66],"product_tag":[],"aioseo_notices":[],"jetpack_sharing_enabled":true,"_links":{"self":[{"href":"https:\/\/casadolivreiro.pt\/index.php\/wp-json\/wp\/v2\/product\/732"}],"collection":[{"href":"https:\/\/casadolivreiro.pt\/index.php\/wp-json\/wp\/v2\/product"}],"about":[{"href":"https:\/\/casadolivreiro.pt\/index.php\/wp-json\/wp\/v2\/types\/product"}],"replies":[{"embeddable":true,"href":"https:\/\/casadolivreiro.pt\/index.php\/wp-json\/wp\/v2\/comments?post=732"}],"wp:featuredmedia":[{"embeddable":true,"href":"https:\/\/casadolivreiro.pt\/index.php\/wp-json\/wp\/v2\/media\/733"}],"wp:attachment":[{"href":"https:\/\/casadolivreiro.pt\/index.php\/wp-json\/wp\/v2\/media?parent=732"}],"wp:term":[{"taxonomy":"product_cat","embeddable":true,"href":"https:\/\/casadolivreiro.pt\/index.php\/wp-json\/wp\/v2\/product_cat?post=732"},{"taxonomy":"product_tag","embeddable":true,"href":"https:\/\/casadolivreiro.pt\/index.php\/wp-json\/wp\/v2\/product_tag?post=732"}],"curies":[{"name":"wp","href":"https:\/\/api.w.org\/{rel}","templated":true}]}}