{"id":730,"date":"2024-03-17T00:21:26","date_gmt":"2024-03-17T00:21:26","guid":{"rendered":"https:\/\/casadolivreiro.pt\/?post_type=product&#038;p=730"},"modified":"2024-03-17T00:21:26","modified_gmt":"2024-03-17T00:21:26","slug":"todos-os-jogos-de-cartas-frans-gerver","status":"publish","type":"product","link":"https:\/\/casadolivreiro.pt\/index.php\/product\/todos-os-jogos-de-cartas-frans-gerver\/","title":{"rendered":"TODOS OS JOGOS DE CARTAS &#8211; Frans Gerver"},"content":{"rendered":"<p>TODOS OS JOGOS DE CARTAS<br \/>\nFrans Gerver<br \/>\nTradu\u00e7\u00e3o de Franco de Sousa<br \/>\nISBN: 972-42-0840-0<br \/>\n1.a edi\u00e7\u00e3o<br \/>\nAno de edi\u00e7\u00e3o: 1994<br \/>\nEditor: Circulo de Leitores<br \/>\nIdioma: Portugu\u00eas<br \/>\nDimens\u00f5es: 10 x 2 x 20 cm<br \/>\nEncaderna\u00e7\u00e3o: Capa dura<br \/>\nP\u00e1ginas: 300<\/p>\n","protected":false},"excerpt":{"rendered":"<p>TODOS OS JOGOS DE CARTAS Frans Gerver Tradu\u00e7\u00e3o de Franco de Sousa ISBN: 972-42-0840-0 1.a edi\u00e7\u00e3o Ano de edi\u00e7\u00e3o: 1994 Editor: Circulo de Leitores Idioma: Portugu\u00eas Dimens\u00f5es: 10 x 2 x 20 cm Encaderna\u00e7\u00e3o: Capa dura P\u00e1ginas: 300<\/p>\n","protected":false},"featured_media":731,"comment_status":"open","ping_status":"closed","template":"","meta":{"om_disable_all_campaigns":false,"_monsterinsights_skip_tracking":false,"_monsterinsights_sitenote_active":false,"_monsterinsights_sitenote_note":"","_monsterinsights_sitenote_category":0,"_uf_show_specific_survey":0,"_uf_disable_surveys":false},"product_cat":[61,66],"product_tag":[],"aioseo_notices":[],"jetpack_sharing_enabled":true,"_links":{"self":[{"href":"https:\/\/casadolivreiro.pt\/index.php\/wp-json\/wp\/v2\/product\/730"}],"collection":[{"href":"https:\/\/casadolivreiro.pt\/index.php\/wp-json\/wp\/v2\/product"}],"about":[{"href":"https:\/\/casadolivreiro.pt\/index.php\/wp-json\/wp\/v2\/types\/product"}],"replies":[{"embeddable":true,"href":"https:\/\/casadolivreiro.pt\/index.php\/wp-json\/wp\/v2\/comments?post=730"}],"wp:featuredmedia":[{"embeddable":true,"href":"https:\/\/casadolivreiro.pt\/index.php\/wp-json\/wp\/v2\/media\/731"}],"wp:attachment":[{"href":"https:\/\/casadolivreiro.pt\/index.php\/wp-json\/wp\/v2\/media?parent=730"}],"wp:term":[{"taxonomy":"product_cat","embeddable":true,"href":"https:\/\/casadolivreiro.pt\/index.php\/wp-json\/wp\/v2\/product_cat?post=730"},{"taxonomy":"product_tag","embeddable":true,"href":"https:\/\/casadolivreiro.pt\/index.php\/wp-json\/wp\/v2\/product_tag?post=730"}],"curies":[{"name":"wp","href":"https:\/\/api.w.org\/{rel}","templated":true}]}}