{"id":728,"date":"2024-03-17T00:18:11","date_gmt":"2024-03-17T00:18:11","guid":{"rendered":"https:\/\/casadolivreiro.pt\/?post_type=product&#038;p=728"},"modified":"2024-03-17T00:18:11","modified_gmt":"2024-03-17T00:18:11","slug":"o-livro-do-ano-iris-de-luz-iris-e-francisco-moreira","status":"publish","type":"product","link":"https:\/\/casadolivreiro.pt\/index.php\/product\/o-livro-do-ano-iris-de-luz-iris-e-francisco-moreira\/","title":{"rendered":"O LIVRO DO ANO &#8211; \u00cdris de Luz (Iris e Francisco Moreira)"},"content":{"rendered":"<p>O LIVRO DO ANO<br \/>\n\u00cdris de Luz (Iris e Francisco Moreira)<br \/>\nISBN: 978-989-8234-00-1<br \/>\n1.a edi\u00e7\u00e3o<br \/>\nAno de edi\u00e7\u00e3o: 2008<br \/>\nEditor: Ideias e Rumos<br \/>\nIdioma: Portugu\u00eas<br \/>\nDimens\u00f5es: 14 x 2.1 x 19.5 cm<br \/>\nEncaderna\u00e7\u00e3o: Capa mole<br \/>\nP\u00e1ginas: 379<\/p>\n","protected":false},"excerpt":{"rendered":"<p>O LIVRO DO ANO \u00cdris de Luz (Iris e Francisco Moreira) ISBN: 978-989-8234-00-1 1.a edi\u00e7\u00e3o Ano de edi\u00e7\u00e3o: 2008 Editor: Ideias e Rumos Idioma: Portugu\u00eas Dimens\u00f5es: 14 x 2.1 x 19.5 cm Encaderna\u00e7\u00e3o: Capa mole P\u00e1ginas: 379<\/p>\n","protected":false},"featured_media":729,"comment_status":"open","ping_status":"closed","template":"","meta":{"om_disable_all_campaigns":false,"_monsterinsights_skip_tracking":false,"_monsterinsights_sitenote_active":false,"_monsterinsights_sitenote_note":"","_monsterinsights_sitenote_category":0,"_uf_show_specific_survey":0,"_uf_disable_surveys":false},"product_cat":[61,66],"product_tag":[],"aioseo_notices":[],"jetpack_sharing_enabled":true,"_links":{"self":[{"href":"https:\/\/casadolivreiro.pt\/index.php\/wp-json\/wp\/v2\/product\/728"}],"collection":[{"href":"https:\/\/casadolivreiro.pt\/index.php\/wp-json\/wp\/v2\/product"}],"about":[{"href":"https:\/\/casadolivreiro.pt\/index.php\/wp-json\/wp\/v2\/types\/product"}],"replies":[{"embeddable":true,"href":"https:\/\/casadolivreiro.pt\/index.php\/wp-json\/wp\/v2\/comments?post=728"}],"wp:featuredmedia":[{"embeddable":true,"href":"https:\/\/casadolivreiro.pt\/index.php\/wp-json\/wp\/v2\/media\/729"}],"wp:attachment":[{"href":"https:\/\/casadolivreiro.pt\/index.php\/wp-json\/wp\/v2\/media?parent=728"}],"wp:term":[{"taxonomy":"product_cat","embeddable":true,"href":"https:\/\/casadolivreiro.pt\/index.php\/wp-json\/wp\/v2\/product_cat?post=728"},{"taxonomy":"product_tag","embeddable":true,"href":"https:\/\/casadolivreiro.pt\/index.php\/wp-json\/wp\/v2\/product_tag?post=728"}],"curies":[{"name":"wp","href":"https:\/\/api.w.org\/{rel}","templated":true}]}}