{"id":726,"date":"2024-03-17T00:14:38","date_gmt":"2024-03-17T00:14:38","guid":{"rendered":"https:\/\/casadolivreiro.pt\/?post_type=product&#038;p=726"},"modified":"2024-03-17T00:14:38","modified_gmt":"2024-03-17T00:14:38","slug":"como-vencer-a-timidez-francois-suzzarini","status":"publish","type":"product","link":"https:\/\/casadolivreiro.pt\/index.php\/product\/como-vencer-a-timidez-francois-suzzarini\/","title":{"rendered":"COMO VENCER A TIMIDEZ &#8211; Fran\u00e7ois Suzzarini"},"content":{"rendered":"<p>COMO VENCER A TIMIDEZ<br \/>\nFran\u00e7ois Suzzarini<br \/>\nAno de edi\u00e7\u00e3o: 1978<br \/>\nEditor: Publica\u00e7\u00f5es Europa-America ( Arte de Viver)<br \/>\nIdioma: Portugu\u00eas<br \/>\nDimens\u00f5es: 14 x 1.3 x 21 cm<br \/>\nEncaderna\u00e7\u00e3o: Capa mole<br \/>\nP\u00e1ginas: 191<\/p>\n","protected":false},"excerpt":{"rendered":"<p>COMO VENCER A TIMIDEZ Fran\u00e7ois Suzzarini Ano de edi\u00e7\u00e3o: 1978 Editor: Publica\u00e7\u00f5es Europa-America ( Arte de Viver) Idioma: Portugu\u00eas Dimens\u00f5es: 14 x 1.3 x 21 cm Encaderna\u00e7\u00e3o: Capa mole P\u00e1ginas: 191<\/p>\n","protected":false},"featured_media":727,"comment_status":"open","ping_status":"closed","template":"","meta":{"om_disable_all_campaigns":false,"_monsterinsights_skip_tracking":false,"_monsterinsights_sitenote_active":false,"_monsterinsights_sitenote_note":"","_monsterinsights_sitenote_category":0,"_uf_show_specific_survey":0,"_uf_disable_surveys":false},"product_cat":[66],"product_tag":[],"aioseo_notices":[],"jetpack_sharing_enabled":true,"_links":{"self":[{"href":"https:\/\/casadolivreiro.pt\/index.php\/wp-json\/wp\/v2\/product\/726"}],"collection":[{"href":"https:\/\/casadolivreiro.pt\/index.php\/wp-json\/wp\/v2\/product"}],"about":[{"href":"https:\/\/casadolivreiro.pt\/index.php\/wp-json\/wp\/v2\/types\/product"}],"replies":[{"embeddable":true,"href":"https:\/\/casadolivreiro.pt\/index.php\/wp-json\/wp\/v2\/comments?post=726"}],"wp:featuredmedia":[{"embeddable":true,"href":"https:\/\/casadolivreiro.pt\/index.php\/wp-json\/wp\/v2\/media\/727"}],"wp:attachment":[{"href":"https:\/\/casadolivreiro.pt\/index.php\/wp-json\/wp\/v2\/media?parent=726"}],"wp:term":[{"taxonomy":"product_cat","embeddable":true,"href":"https:\/\/casadolivreiro.pt\/index.php\/wp-json\/wp\/v2\/product_cat?post=726"},{"taxonomy":"product_tag","embeddable":true,"href":"https:\/\/casadolivreiro.pt\/index.php\/wp-json\/wp\/v2\/product_tag?post=726"}],"curies":[{"name":"wp","href":"https:\/\/api.w.org\/{rel}","templated":true}]}}