{"id":724,"date":"2024-03-17T00:11:47","date_gmt":"2024-03-17T00:11:47","guid":{"rendered":"https:\/\/casadolivreiro.pt\/?post_type=product&#038;p=724"},"modified":"2024-03-17T00:11:47","modified_gmt":"2024-03-17T00:11:47","slug":"truques-de-ilusionismo-araujo","status":"publish","type":"product","link":"https:\/\/casadolivreiro.pt\/index.php\/product\/truques-de-ilusionismo-araujo\/","title":{"rendered":"TRUQUES DE ILUSIONISMO &#8211; Ara\u00fajo"},"content":{"rendered":"<p>TRUQUES DE ILUSIONISMO<br \/>\nAra\u00fajo<br \/>\nISBN: 972-1-04785-6<br \/>\nAno de edi\u00e7\u00e3o: 2000<br \/>\nEditor: Saber Viver ( Publica\u00e7\u00f5es Europa-America)<br \/>\nIdioma: Portugu\u00eas<br \/>\nDimens\u00f5es: 14 x 0.8 x 21 cm<br \/>\nEncaderna\u00e7\u00e3o: Capa mole<br \/>\nP\u00e1ginas: 116<\/p>\n","protected":false},"excerpt":{"rendered":"<p>TRUQUES DE ILUSIONISMO Ara\u00fajo ISBN: 972-1-04785-6 Ano de edi\u00e7\u00e3o: 2000 Editor: Saber Viver ( Publica\u00e7\u00f5es Europa-America) Idioma: Portugu\u00eas Dimens\u00f5es: 14 x 0.8 x 21 cm Encaderna\u00e7\u00e3o: Capa mole P\u00e1ginas: 116<\/p>\n","protected":false},"featured_media":725,"comment_status":"open","ping_status":"closed","template":"","meta":{"om_disable_all_campaigns":false,"_monsterinsights_skip_tracking":false,"_monsterinsights_sitenote_active":false,"_monsterinsights_sitenote_note":"","_monsterinsights_sitenote_category":0,"_uf_show_specific_survey":0,"_uf_disable_surveys":false},"product_cat":[66],"product_tag":[],"aioseo_notices":[],"jetpack_sharing_enabled":true,"_links":{"self":[{"href":"https:\/\/casadolivreiro.pt\/index.php\/wp-json\/wp\/v2\/product\/724"}],"collection":[{"href":"https:\/\/casadolivreiro.pt\/index.php\/wp-json\/wp\/v2\/product"}],"about":[{"href":"https:\/\/casadolivreiro.pt\/index.php\/wp-json\/wp\/v2\/types\/product"}],"replies":[{"embeddable":true,"href":"https:\/\/casadolivreiro.pt\/index.php\/wp-json\/wp\/v2\/comments?post=724"}],"wp:featuredmedia":[{"embeddable":true,"href":"https:\/\/casadolivreiro.pt\/index.php\/wp-json\/wp\/v2\/media\/725"}],"wp:attachment":[{"href":"https:\/\/casadolivreiro.pt\/index.php\/wp-json\/wp\/v2\/media?parent=724"}],"wp:term":[{"taxonomy":"product_cat","embeddable":true,"href":"https:\/\/casadolivreiro.pt\/index.php\/wp-json\/wp\/v2\/product_cat?post=724"},{"taxonomy":"product_tag","embeddable":true,"href":"https:\/\/casadolivreiro.pt\/index.php\/wp-json\/wp\/v2\/product_tag?post=724"}],"curies":[{"name":"wp","href":"https:\/\/api.w.org\/{rel}","templated":true}]}}