{"id":722,"date":"2024-03-17T00:08:55","date_gmt":"2024-03-17T00:08:55","guid":{"rendered":"https:\/\/casadolivreiro.pt\/?post_type=product&#038;p=722"},"modified":"2024-03-17T00:08:55","modified_gmt":"2024-03-17T00:08:55","slug":"como-ganhar-no-casino-o-guia-indispensavel-para-ser-um-ganhador-em-todos-os-jogos-dennis-r-harrison","status":"publish","type":"product","link":"https:\/\/casadolivreiro.pt\/index.php\/product\/como-ganhar-no-casino-o-guia-indispensavel-para-ser-um-ganhador-em-todos-os-jogos-dennis-r-harrison\/","title":{"rendered":"COMO GANHAR NO CASINO: O guia indispens\u00e1vel para ser um ganhador em todos os jogos &#8211; Dennis R. Harrison"},"content":{"rendered":"<p>COMO GANHAR NO CASINO: O guia indispens\u00e1vel para ser um ganhador em todos os jogos<br \/>\nDennis R. Harrison<br \/>\nTradu\u00e7\u00e3o de Patricia\u00a0 Costa<br \/>\nISBN: 972-8275-27-7<br \/>\nAno de edi\u00e7\u00e3o: 1996<br \/>\nEditor: Lyon Multim\u00e9dia Edi\u00e7\u00f5es Lda.<br \/>\nIdioma: Portugu\u00eas<br \/>\nDimens\u00f5es: 15.5 x 1 x 23 cm<br \/>\nEncaderna\u00e7\u00e3o: Capa mole<br \/>\nP\u00e1ginas: 176<\/p>\n","protected":false},"excerpt":{"rendered":"<p>COMO GANHAR NO CASINO: O guia indispens\u00e1vel para ser um ganhador em todos os jogos Dennis R. Harrison Tradu\u00e7\u00e3o de Patricia\u00a0 Costa ISBN: 972-8275-27-7 Ano de edi\u00e7\u00e3o: 1996 Editor: Lyon Multim\u00e9dia Edi\u00e7\u00f5es Lda. Idioma: Portugu\u00eas Dimens\u00f5es: 15.5 x 1 x 23 cm Encaderna\u00e7\u00e3o: Capa mole P\u00e1ginas: 176<\/p>\n","protected":false},"featured_media":723,"comment_status":"open","ping_status":"closed","template":"","meta":{"om_disable_all_campaigns":false,"_monsterinsights_skip_tracking":false,"_monsterinsights_sitenote_active":false,"_monsterinsights_sitenote_note":"","_monsterinsights_sitenote_category":0,"_uf_show_specific_survey":0,"_uf_disable_surveys":false},"product_cat":[66],"product_tag":[],"aioseo_notices":[],"jetpack_sharing_enabled":true,"_links":{"self":[{"href":"https:\/\/casadolivreiro.pt\/index.php\/wp-json\/wp\/v2\/product\/722"}],"collection":[{"href":"https:\/\/casadolivreiro.pt\/index.php\/wp-json\/wp\/v2\/product"}],"about":[{"href":"https:\/\/casadolivreiro.pt\/index.php\/wp-json\/wp\/v2\/types\/product"}],"replies":[{"embeddable":true,"href":"https:\/\/casadolivreiro.pt\/index.php\/wp-json\/wp\/v2\/comments?post=722"}],"wp:featuredmedia":[{"embeddable":true,"href":"https:\/\/casadolivreiro.pt\/index.php\/wp-json\/wp\/v2\/media\/723"}],"wp:attachment":[{"href":"https:\/\/casadolivreiro.pt\/index.php\/wp-json\/wp\/v2\/media?parent=722"}],"wp:term":[{"taxonomy":"product_cat","embeddable":true,"href":"https:\/\/casadolivreiro.pt\/index.php\/wp-json\/wp\/v2\/product_cat?post=722"},{"taxonomy":"product_tag","embeddable":true,"href":"https:\/\/casadolivreiro.pt\/index.php\/wp-json\/wp\/v2\/product_tag?post=722"}],"curies":[{"name":"wp","href":"https:\/\/api.w.org\/{rel}","templated":true}]}}