{"id":720,"date":"2024-03-17T00:06:05","date_gmt":"2024-03-17T00:06:05","guid":{"rendered":"https:\/\/casadolivreiro.pt\/?post_type=product&#038;p=720"},"modified":"2024-03-17T00:06:05","modified_gmt":"2024-03-17T00:06:05","slug":"humor-fedorento-vol-1-a-mendes-ribeiro","status":"publish","type":"product","link":"https:\/\/casadolivreiro.pt\/index.php\/product\/humor-fedorento-vol-1-a-mendes-ribeiro\/","title":{"rendered":"HUMOR FEDORENTO Vol. 1 &#8211; A. Mendes Ribeiro"},"content":{"rendered":"<p>HUMOR FEDORENTO Vol. 1<br \/>\nA. Mendes Ribeiro<br \/>\nISBN: 978-972-731-219-1<br \/>\nAno de edi\u00e7\u00e3o: 2008<br \/>\nEditor: Planeta Editora Lda.<br \/>\nIdioma: Portugu\u00eas<br \/>\nDimens\u00f5es: 16 x 2.4 x 23 cm<br \/>\nEncaderna\u00e7\u00e3o: Capa mole<br \/>\nP\u00e1ginas: 350<\/p>\n","protected":false},"excerpt":{"rendered":"<p>HUMOR FEDORENTO Vol. 1 A. Mendes Ribeiro ISBN: 978-972-731-219-1 Ano de edi\u00e7\u00e3o: 2008 Editor: Planeta Editora Lda. Idioma: Portugu\u00eas Dimens\u00f5es: 16 x 2.4 x 23 cm Encaderna\u00e7\u00e3o: Capa mole P\u00e1ginas: 350<\/p>\n","protected":false},"featured_media":721,"comment_status":"open","ping_status":"closed","template":"","meta":{"om_disable_all_campaigns":false,"_monsterinsights_skip_tracking":false,"_monsterinsights_sitenote_active":false,"_monsterinsights_sitenote_note":"","_monsterinsights_sitenote_category":0,"_uf_show_specific_survey":0,"_uf_disable_surveys":false},"product_cat":[35],"product_tag":[],"aioseo_notices":[],"jetpack_sharing_enabled":true,"_links":{"self":[{"href":"https:\/\/casadolivreiro.pt\/index.php\/wp-json\/wp\/v2\/product\/720"}],"collection":[{"href":"https:\/\/casadolivreiro.pt\/index.php\/wp-json\/wp\/v2\/product"}],"about":[{"href":"https:\/\/casadolivreiro.pt\/index.php\/wp-json\/wp\/v2\/types\/product"}],"replies":[{"embeddable":true,"href":"https:\/\/casadolivreiro.pt\/index.php\/wp-json\/wp\/v2\/comments?post=720"}],"wp:featuredmedia":[{"embeddable":true,"href":"https:\/\/casadolivreiro.pt\/index.php\/wp-json\/wp\/v2\/media\/721"}],"wp:attachment":[{"href":"https:\/\/casadolivreiro.pt\/index.php\/wp-json\/wp\/v2\/media?parent=720"}],"wp:term":[{"taxonomy":"product_cat","embeddable":true,"href":"https:\/\/casadolivreiro.pt\/index.php\/wp-json\/wp\/v2\/product_cat?post=720"},{"taxonomy":"product_tag","embeddable":true,"href":"https:\/\/casadolivreiro.pt\/index.php\/wp-json\/wp\/v2\/product_tag?post=720"}],"curies":[{"name":"wp","href":"https:\/\/api.w.org\/{rel}","templated":true}]}}