{"id":714,"date":"2024-03-16T23:57:26","date_gmt":"2024-03-16T23:57:26","guid":{"rendered":"https:\/\/casadolivreiro.pt\/?post_type=product&#038;p=714"},"modified":"2024-03-16T23:57:26","modified_gmt":"2024-03-16T23:57:26","slug":"arbustos-e-pequenas-arvores-passos-simples-para-bons-resultados-traducao-de-ana-sales","status":"publish","type":"product","link":"https:\/\/casadolivreiro.pt\/index.php\/product\/arbustos-e-pequenas-arvores-passos-simples-para-bons-resultados-traducao-de-ana-sales\/","title":{"rendered":"ARBUSTOS E PEQUENAS \u00c1RVORES: Passos simples para bons resultados &#8211; Tradu\u00e7\u00e3o de Ana Sales"},"content":{"rendered":"<p>ARBUSTOS E PEQUENAS \u00c1RVORES: Passos simples para bons resultados<br \/>\nTradu\u00e7\u00e3o de Ana Sales<br \/>\nISBN: 978-989-550-654-5<br \/>\nAno de edi\u00e7\u00e3o: 2008<br \/>\nEditor: Civiliza\u00e7\u00e3o Editores, Porto (colec\u00e7\u00e3o Aprender Jardinagem)<br \/>\nIdioma: Portugu\u00eas<br \/>\nDimens\u00f5es: 18.5 x 1 x 24 cm<br \/>\nEncaderna\u00e7\u00e3o: Capa mole<br \/>\nP\u00e1ginas: 160<\/p>\n","protected":false},"excerpt":{"rendered":"<p>ARBUSTOS E PEQUENAS \u00c1RVORES: Passos simples para bons resultados Tradu\u00e7\u00e3o de Ana Sales ISBN: 978-989-550-654-5 Ano de edi\u00e7\u00e3o: 2008 Editor: Civiliza\u00e7\u00e3o Editores, Porto (colec\u00e7\u00e3o Aprender Jardinagem) Idioma: Portugu\u00eas Dimens\u00f5es: 18.5 x 1 x 24 cm Encaderna\u00e7\u00e3o: Capa mole P\u00e1ginas: 160<\/p>\n","protected":false},"featured_media":715,"comment_status":"open","ping_status":"closed","template":"","meta":{"om_disable_all_campaigns":false,"_monsterinsights_skip_tracking":false,"_monsterinsights_sitenote_active":false,"_monsterinsights_sitenote_note":"","_monsterinsights_sitenote_category":0,"_uf_show_specific_survey":0,"_uf_disable_surveys":false},"product_cat":[66],"product_tag":[],"aioseo_notices":[],"jetpack_sharing_enabled":true,"_links":{"self":[{"href":"https:\/\/casadolivreiro.pt\/index.php\/wp-json\/wp\/v2\/product\/714"}],"collection":[{"href":"https:\/\/casadolivreiro.pt\/index.php\/wp-json\/wp\/v2\/product"}],"about":[{"href":"https:\/\/casadolivreiro.pt\/index.php\/wp-json\/wp\/v2\/types\/product"}],"replies":[{"embeddable":true,"href":"https:\/\/casadolivreiro.pt\/index.php\/wp-json\/wp\/v2\/comments?post=714"}],"wp:featuredmedia":[{"embeddable":true,"href":"https:\/\/casadolivreiro.pt\/index.php\/wp-json\/wp\/v2\/media\/715"}],"wp:attachment":[{"href":"https:\/\/casadolivreiro.pt\/index.php\/wp-json\/wp\/v2\/media?parent=714"}],"wp:term":[{"taxonomy":"product_cat","embeddable":true,"href":"https:\/\/casadolivreiro.pt\/index.php\/wp-json\/wp\/v2\/product_cat?post=714"},{"taxonomy":"product_tag","embeddable":true,"href":"https:\/\/casadolivreiro.pt\/index.php\/wp-json\/wp\/v2\/product_tag?post=714"}],"curies":[{"name":"wp","href":"https:\/\/api.w.org\/{rel}","templated":true}]}}