{"id":711,"date":"2024-03-16T23:51:47","date_gmt":"2024-03-16T23:51:47","guid":{"rendered":"https:\/\/casadolivreiro.pt\/?post_type=product&#038;p=711"},"modified":"2024-03-16T23:51:48","modified_gmt":"2024-03-16T23:51:48","slug":"cozinha-sem-colesterol-veronique-lemaitre","status":"publish","type":"product","link":"https:\/\/casadolivreiro.pt\/index.php\/product\/cozinha-sem-colesterol-veronique-lemaitre\/","title":{"rendered":"COZINHA SEM COLESTEROL &#8211; V\u00e9ronique Lemaitre"},"content":{"rendered":"<p>COZINHA SEM COLESTEROL<br \/>\nV\u00e9ronique Lemaitre<br \/>\nTradu\u00e7\u00e3o de Manuela Cordeiro<br \/>\nISBN: 972-756-397-X<br \/>\nAno de edi\u00e7\u00e3o:<br \/>\nEditor: Girassol Edi\u00e7\u00f5es, Lda. ( colec\u00e7\u00e3o Cozinha para n\u00e3o engordar)<br \/>\nIdioma: Portugu\u00eas<br \/>\nDimens\u00f5es: 15.5 x 0.8 x 21 cm<br \/>\nEncaderna\u00e7\u00e3o: Capa mole<br \/>\nP\u00e1ginas: 96<\/p>\n","protected":false},"excerpt":{"rendered":"<p>COZINHA SEM COLESTEROL V\u00e9ronique Lemaitre Tradu\u00e7\u00e3o de Manuela Cordeiro ISBN: 972-756-397-X Ano de edi\u00e7\u00e3o: Editor: Girassol Edi\u00e7\u00f5es, Lda. ( colec\u00e7\u00e3o Cozinha para n\u00e3o engordar) Idioma: Portugu\u00eas Dimens\u00f5es: 15.5 x 0.8 x 21 cm Encaderna\u00e7\u00e3o: Capa mole P\u00e1ginas: 96<\/p>\n","protected":false},"featured_media":712,"comment_status":"open","ping_status":"closed","template":"","meta":{"om_disable_all_campaigns":false,"_monsterinsights_skip_tracking":false,"_monsterinsights_sitenote_active":false,"_monsterinsights_sitenote_note":"","_monsterinsights_sitenote_category":0,"_uf_show_specific_survey":0,"_uf_disable_surveys":false},"product_cat":[40],"product_tag":[],"aioseo_notices":[],"jetpack_sharing_enabled":true,"_links":{"self":[{"href":"https:\/\/casadolivreiro.pt\/index.php\/wp-json\/wp\/v2\/product\/711"}],"collection":[{"href":"https:\/\/casadolivreiro.pt\/index.php\/wp-json\/wp\/v2\/product"}],"about":[{"href":"https:\/\/casadolivreiro.pt\/index.php\/wp-json\/wp\/v2\/types\/product"}],"replies":[{"embeddable":true,"href":"https:\/\/casadolivreiro.pt\/index.php\/wp-json\/wp\/v2\/comments?post=711"}],"wp:featuredmedia":[{"embeddable":true,"href":"https:\/\/casadolivreiro.pt\/index.php\/wp-json\/wp\/v2\/media\/712"}],"wp:attachment":[{"href":"https:\/\/casadolivreiro.pt\/index.php\/wp-json\/wp\/v2\/media?parent=711"}],"wp:term":[{"taxonomy":"product_cat","embeddable":true,"href":"https:\/\/casadolivreiro.pt\/index.php\/wp-json\/wp\/v2\/product_cat?post=711"},{"taxonomy":"product_tag","embeddable":true,"href":"https:\/\/casadolivreiro.pt\/index.php\/wp-json\/wp\/v2\/product_tag?post=711"}],"curies":[{"name":"wp","href":"https:\/\/api.w.org\/{rel}","templated":true}]}}