{"id":709,"date":"2024-03-16T23:48:32","date_gmt":"2024-03-16T23:48:32","guid":{"rendered":"https:\/\/casadolivreiro.pt\/?post_type=product&#038;p=709"},"modified":"2024-03-16T23:48:32","modified_gmt":"2024-03-16T23:48:32","slug":"111-receitas-para-o-micro-ondas-receitas-da-avo-rosalina","status":"publish","type":"product","link":"https:\/\/casadolivreiro.pt\/index.php\/product\/111-receitas-para-o-micro-ondas-receitas-da-avo-rosalina\/","title":{"rendered":"111 RECEITAS PARA O MICRO-ONDAS &#8211; Receitas da Av\u00f3 Rosalina"},"content":{"rendered":"<p>111 RECEITAS PARA O MICRO-ONDAS<br \/>\nReceitas da Av\u00f3 Rosalina<br \/>\nAno de edi\u00e7\u00e3o: 1993<br \/>\nEditor: Europa-Am\u00e9rica Lda.<br \/>\nIdioma: Portugu\u00eas<br \/>\nDimens\u00f5es: 14 x 0.6 x 21 cm<br \/>\nEncaderna\u00e7\u00e3o: Capa mole<br \/>\nP\u00e1ginas: 120<\/p>\n","protected":false},"excerpt":{"rendered":"<p>111 RECEITAS PARA O MICRO-ONDAS Receitas da Av\u00f3 Rosalina Ano de edi\u00e7\u00e3o: 1993 Editor: Europa-Am\u00e9rica Lda. Idioma: Portugu\u00eas Dimens\u00f5es: 14 x 0.6 x 21 cm Encaderna\u00e7\u00e3o: Capa mole P\u00e1ginas: 120<\/p>\n","protected":false},"featured_media":710,"comment_status":"open","ping_status":"closed","template":"","meta":{"om_disable_all_campaigns":false,"_monsterinsights_skip_tracking":false,"_monsterinsights_sitenote_active":false,"_monsterinsights_sitenote_note":"","_monsterinsights_sitenote_category":0,"_uf_show_specific_survey":0,"_uf_disable_surveys":false},"product_cat":[40],"product_tag":[],"aioseo_notices":[],"jetpack_sharing_enabled":true,"_links":{"self":[{"href":"https:\/\/casadolivreiro.pt\/index.php\/wp-json\/wp\/v2\/product\/709"}],"collection":[{"href":"https:\/\/casadolivreiro.pt\/index.php\/wp-json\/wp\/v2\/product"}],"about":[{"href":"https:\/\/casadolivreiro.pt\/index.php\/wp-json\/wp\/v2\/types\/product"}],"replies":[{"embeddable":true,"href":"https:\/\/casadolivreiro.pt\/index.php\/wp-json\/wp\/v2\/comments?post=709"}],"wp:featuredmedia":[{"embeddable":true,"href":"https:\/\/casadolivreiro.pt\/index.php\/wp-json\/wp\/v2\/media\/710"}],"wp:attachment":[{"href":"https:\/\/casadolivreiro.pt\/index.php\/wp-json\/wp\/v2\/media?parent=709"}],"wp:term":[{"taxonomy":"product_cat","embeddable":true,"href":"https:\/\/casadolivreiro.pt\/index.php\/wp-json\/wp\/v2\/product_cat?post=709"},{"taxonomy":"product_tag","embeddable":true,"href":"https:\/\/casadolivreiro.pt\/index.php\/wp-json\/wp\/v2\/product_tag?post=709"}],"curies":[{"name":"wp","href":"https:\/\/api.w.org\/{rel}","templated":true}]}}