{"id":707,"date":"2024-03-16T23:45:30","date_gmt":"2024-03-16T23:45:30","guid":{"rendered":"https:\/\/casadolivreiro.pt\/?post_type=product&#038;p=707"},"modified":"2024-03-16T23:45:30","modified_gmt":"2024-03-16T23:45:30","slug":"culinaria-saudavel-maria-daniel-vaz-de-almeida-e-rosa-castro","status":"publish","type":"product","link":"https:\/\/casadolivreiro.pt\/index.php\/product\/culinaria-saudavel-maria-daniel-vaz-de-almeida-e-rosa-castro\/","title":{"rendered":"CULIN\u00c1RIA SAUD\u00c1VEL &#8211; Maria Daniel Vaz de Almeida e Rosa Castro"},"content":{"rendered":"<p>CULIN\u00c1RIA SAUD\u00c1VEL<br \/>\nMaria Daniel Vaz de Almeida e Rosa Castro<br \/>\nAno de edi\u00e7\u00e3o: 1983<br \/>\nEditor: Editorial Caminho SARL, Lisboa (Biblioteca da Sa\u00fade)<br \/>\nIdioma: Portugu\u00eas<br \/>\nDimens\u00f5es: 13.3 x 1.6 x 21 cm<br \/>\nEncaderna\u00e7\u00e3o: Capa mole<br \/>\nP\u00e1ginas: 215<\/p>\n<p>&nbsp;<\/p>\n","protected":false},"excerpt":{"rendered":"<p>CULIN\u00c1RIA SAUD\u00c1VEL Maria Daniel Vaz de Almeida e Rosa Castro Ano de edi\u00e7\u00e3o: 1983 Editor: Editorial Caminho SARL, Lisboa (Biblioteca da Sa\u00fade) Idioma: Portugu\u00eas Dimens\u00f5es: 13.3 x 1.6 x 21 cm Encaderna\u00e7\u00e3o: Capa mole P\u00e1ginas: 215 &nbsp;<\/p>\n","protected":false},"featured_media":708,"comment_status":"open","ping_status":"closed","template":"","meta":{"om_disable_all_campaigns":false,"_monsterinsights_skip_tracking":false,"_monsterinsights_sitenote_active":false,"_monsterinsights_sitenote_note":"","_monsterinsights_sitenote_category":0,"_uf_show_specific_survey":0,"_uf_disable_surveys":false},"product_cat":[40,43],"product_tag":[],"aioseo_notices":[],"jetpack_sharing_enabled":true,"_links":{"self":[{"href":"https:\/\/casadolivreiro.pt\/index.php\/wp-json\/wp\/v2\/product\/707"}],"collection":[{"href":"https:\/\/casadolivreiro.pt\/index.php\/wp-json\/wp\/v2\/product"}],"about":[{"href":"https:\/\/casadolivreiro.pt\/index.php\/wp-json\/wp\/v2\/types\/product"}],"replies":[{"embeddable":true,"href":"https:\/\/casadolivreiro.pt\/index.php\/wp-json\/wp\/v2\/comments?post=707"}],"wp:featuredmedia":[{"embeddable":true,"href":"https:\/\/casadolivreiro.pt\/index.php\/wp-json\/wp\/v2\/media\/708"}],"wp:attachment":[{"href":"https:\/\/casadolivreiro.pt\/index.php\/wp-json\/wp\/v2\/media?parent=707"}],"wp:term":[{"taxonomy":"product_cat","embeddable":true,"href":"https:\/\/casadolivreiro.pt\/index.php\/wp-json\/wp\/v2\/product_cat?post=707"},{"taxonomy":"product_tag","embeddable":true,"href":"https:\/\/casadolivreiro.pt\/index.php\/wp-json\/wp\/v2\/product_tag?post=707"}],"curies":[{"name":"wp","href":"https:\/\/api.w.org\/{rel}","templated":true}]}}