{"id":7055,"date":"2026-03-31T20:17:38","date_gmt":"2026-03-31T20:17:38","guid":{"rendered":"https:\/\/casadolivreiro.pt\/?post_type=product&#038;p=7055"},"modified":"2026-03-31T20:17:39","modified_gmt":"2026-03-31T20:17:39","slug":"a-vida-de-um-rapas-gordo-andre-brun","status":"publish","type":"product","link":"https:\/\/casadolivreiro.pt\/index.php\/product\/a-vida-de-um-rapas-gordo-andre-brun\/","title":{"rendered":"A VIDA DE UM RAP\u00c1S G\u00d4RDO &#8211; Andr\u00e9  Brun"},"content":{"rendered":"<p>A VIDA DE UM RAP\u00c1S G\u00d4RDO<\/p>\n<p>Andr\u00e9\u00a0 Brun<\/p>\n<p>Ano de edi\u00e7\u00e3o: 1923<\/p>\n<p>Editor: Guimar\u00e3es &amp; C.\u00aa<\/p>\n<p>Idioma: Portugu\u00eas<\/p>\n<p>Dimens\u00f5es: 13.5 x 1.8 x 20cm<\/p>\n<p>Encaderna\u00e7\u00e3o: Capa mole<\/p>\n<p>P\u00e1ginas: 263<\/p>\n","protected":false},"excerpt":{"rendered":"<p>A VIDA DE UM RAP\u00c1S G\u00d4RDO Andr\u00e9\u00a0 Brun Ano de edi\u00e7\u00e3o: 1923 Editor: Guimar\u00e3es &amp; C.\u00aa Idioma: Portugu\u00eas Dimens\u00f5es: 13.5 x 1.8 x 20cm Encaderna\u00e7\u00e3o: Capa mole P\u00e1ginas: 263<\/p>\n","protected":false},"featured_media":7056,"comment_status":"open","ping_status":"closed","template":"","meta":{"om_disable_all_campaigns":false,"_monsterinsights_skip_tracking":false,"_monsterinsights_sitenote_active":false,"_monsterinsights_sitenote_note":"","_monsterinsights_sitenote_category":0,"_uf_show_specific_survey":0,"_uf_disable_surveys":false},"product_cat":[26],"product_tag":[],"aioseo_notices":[],"jetpack_sharing_enabled":true,"_links":{"self":[{"href":"https:\/\/casadolivreiro.pt\/index.php\/wp-json\/wp\/v2\/product\/7055"}],"collection":[{"href":"https:\/\/casadolivreiro.pt\/index.php\/wp-json\/wp\/v2\/product"}],"about":[{"href":"https:\/\/casadolivreiro.pt\/index.php\/wp-json\/wp\/v2\/types\/product"}],"replies":[{"embeddable":true,"href":"https:\/\/casadolivreiro.pt\/index.php\/wp-json\/wp\/v2\/comments?post=7055"}],"wp:featuredmedia":[{"embeddable":true,"href":"https:\/\/casadolivreiro.pt\/index.php\/wp-json\/wp\/v2\/media\/7056"}],"wp:attachment":[{"href":"https:\/\/casadolivreiro.pt\/index.php\/wp-json\/wp\/v2\/media?parent=7055"}],"wp:term":[{"taxonomy":"product_cat","embeddable":true,"href":"https:\/\/casadolivreiro.pt\/index.php\/wp-json\/wp\/v2\/product_cat?post=7055"},{"taxonomy":"product_tag","embeddable":true,"href":"https:\/\/casadolivreiro.pt\/index.php\/wp-json\/wp\/v2\/product_tag?post=7055"}],"curies":[{"name":"wp","href":"https:\/\/api.w.org\/{rel}","templated":true}]}}