{"id":7047,"date":"2026-03-31T20:07:51","date_gmt":"2026-03-31T20:07:51","guid":{"rendered":"https:\/\/casadolivreiro.pt\/?post_type=product&#038;p=7047"},"modified":"2026-03-31T20:07:51","modified_gmt":"2026-03-31T20:07:51","slug":"o-rapto-robert-louis-stevenson","status":"publish","type":"product","link":"https:\/\/casadolivreiro.pt\/index.php\/product\/o-rapto-robert-louis-stevenson\/","title":{"rendered":"O RAPTO &#8211; Robert Louis Stevenson"},"content":{"rendered":"<p>O RAPTO<\/p>\n<p>Robert Louis Stevenson<\/p>\n<p>Tradu\u00e7\u00e3o de Jo\u00e3o de Oliveira<\/p>\n<p>Biblioteca Dos\u00a0 Rapazes<\/p>\n<p>Ano de edi\u00e7\u00e3o:<\/p>\n<p>Editor: Portug\u00e1lia Editora, Lisboa<\/p>\n<p>Idioma: Portugu\u00eas<\/p>\n<p>Dimens\u00f5es: 12 x 2 x 19cm<\/p>\n<p>Encaderna\u00e7\u00e3o: Capa mole<\/p>\n<p>P\u00e1ginas: 285<\/p>\n","protected":false},"excerpt":{"rendered":"<p>O RAPTO Robert Louis Stevenson Tradu\u00e7\u00e3o de Jo\u00e3o de Oliveira Biblioteca Dos\u00a0 Rapazes Ano de edi\u00e7\u00e3o: Editor: Portug\u00e1lia Editora, Lisboa Idioma: Portugu\u00eas Dimens\u00f5es: 12 x 2 x 19cm Encaderna\u00e7\u00e3o: Capa mole P\u00e1ginas: 285<\/p>\n","protected":false},"featured_media":7048,"comment_status":"open","ping_status":"closed","template":"","meta":{"om_disable_all_campaigns":false,"_monsterinsights_skip_tracking":false,"_monsterinsights_sitenote_active":false,"_monsterinsights_sitenote_note":"","_monsterinsights_sitenote_category":0,"_uf_show_specific_survey":0,"_uf_disable_surveys":false},"product_cat":[26],"product_tag":[],"aioseo_notices":[],"jetpack_sharing_enabled":true,"_links":{"self":[{"href":"https:\/\/casadolivreiro.pt\/index.php\/wp-json\/wp\/v2\/product\/7047"}],"collection":[{"href":"https:\/\/casadolivreiro.pt\/index.php\/wp-json\/wp\/v2\/product"}],"about":[{"href":"https:\/\/casadolivreiro.pt\/index.php\/wp-json\/wp\/v2\/types\/product"}],"replies":[{"embeddable":true,"href":"https:\/\/casadolivreiro.pt\/index.php\/wp-json\/wp\/v2\/comments?post=7047"}],"wp:featuredmedia":[{"embeddable":true,"href":"https:\/\/casadolivreiro.pt\/index.php\/wp-json\/wp\/v2\/media\/7048"}],"wp:attachment":[{"href":"https:\/\/casadolivreiro.pt\/index.php\/wp-json\/wp\/v2\/media?parent=7047"}],"wp:term":[{"taxonomy":"product_cat","embeddable":true,"href":"https:\/\/casadolivreiro.pt\/index.php\/wp-json\/wp\/v2\/product_cat?post=7047"},{"taxonomy":"product_tag","embeddable":true,"href":"https:\/\/casadolivreiro.pt\/index.php\/wp-json\/wp\/v2\/product_tag?post=7047"}],"curies":[{"name":"wp","href":"https:\/\/api.w.org\/{rel}","templated":true}]}}