{"id":7045,"date":"2026-03-31T20:06:25","date_gmt":"2026-03-31T20:06:25","guid":{"rendered":"https:\/\/casadolivreiro.pt\/?post_type=product&#038;p=7045"},"modified":"2026-03-31T20:06:26","modified_gmt":"2026-03-31T20:06:26","slug":"tarass-bulba-ou-os-cossacos-do-don-nicolau-gogol","status":"publish","type":"product","link":"https:\/\/casadolivreiro.pt\/index.php\/product\/tarass-bulba-ou-os-cossacos-do-don-nicolau-gogol\/","title":{"rendered":"TARASS BULBA OU OS COSSACOS DO DON &#8211; Nicolau Gogol"},"content":{"rendered":"<p>TARASS BULBA OU OS COSSACOS DO DON<\/p>\n<p>Nicolau Gogol<\/p>\n<p>Tradu\u00e7\u00e3o de\u00a0 Consiglieri S\u00e1 Pereira<\/p>\n<p>Ano de edi\u00e7\u00e3o:<\/p>\n<p>Editor: Portug\u00e1lia Editora, Lisboa<\/p>\n<p>Idioma: Portugu\u00eas<\/p>\n<p>Dimens\u00f5es: 11.8 x 1 x 16.4cm<\/p>\n<p>Encaderna\u00e7\u00e3o: Capa mole<\/p>\n<p>P\u00e1ginas: 171<\/p>\n","protected":false},"excerpt":{"rendered":"<p>TARASS BULBA OU OS COSSACOS DO DON Nicolau Gogol Tradu\u00e7\u00e3o de\u00a0 Consiglieri S\u00e1 Pereira Ano de edi\u00e7\u00e3o: Editor: Portug\u00e1lia Editora, Lisboa Idioma: Portugu\u00eas Dimens\u00f5es: 11.8 x 1 x 16.4cm Encaderna\u00e7\u00e3o: Capa mole P\u00e1ginas: 171<\/p>\n","protected":false},"featured_media":7046,"comment_status":"open","ping_status":"closed","template":"","meta":{"om_disable_all_campaigns":false,"_monsterinsights_skip_tracking":false,"_monsterinsights_sitenote_active":false,"_monsterinsights_sitenote_note":"","_monsterinsights_sitenote_category":0,"_uf_show_specific_survey":0,"_uf_disable_surveys":false},"product_cat":[26],"product_tag":[],"aioseo_notices":[],"jetpack_sharing_enabled":true,"_links":{"self":[{"href":"https:\/\/casadolivreiro.pt\/index.php\/wp-json\/wp\/v2\/product\/7045"}],"collection":[{"href":"https:\/\/casadolivreiro.pt\/index.php\/wp-json\/wp\/v2\/product"}],"about":[{"href":"https:\/\/casadolivreiro.pt\/index.php\/wp-json\/wp\/v2\/types\/product"}],"replies":[{"embeddable":true,"href":"https:\/\/casadolivreiro.pt\/index.php\/wp-json\/wp\/v2\/comments?post=7045"}],"wp:featuredmedia":[{"embeddable":true,"href":"https:\/\/casadolivreiro.pt\/index.php\/wp-json\/wp\/v2\/media\/7046"}],"wp:attachment":[{"href":"https:\/\/casadolivreiro.pt\/index.php\/wp-json\/wp\/v2\/media?parent=7045"}],"wp:term":[{"taxonomy":"product_cat","embeddable":true,"href":"https:\/\/casadolivreiro.pt\/index.php\/wp-json\/wp\/v2\/product_cat?post=7045"},{"taxonomy":"product_tag","embeddable":true,"href":"https:\/\/casadolivreiro.pt\/index.php\/wp-json\/wp\/v2\/product_tag?post=7045"}],"curies":[{"name":"wp","href":"https:\/\/api.w.org\/{rel}","templated":true}]}}