{"id":704,"date":"2024-03-16T22:05:51","date_gmt":"2024-03-16T22:05:51","guid":{"rendered":"https:\/\/casadolivreiro.pt\/?post_type=product&#038;p=704"},"modified":"2024-03-16T22:05:51","modified_gmt":"2024-03-16T22:05:51","slug":"ouro-no-pantano-poemas-maria-fernanda-p-d-c-marques-da-cunha-fanny","status":"publish","type":"product","link":"https:\/\/casadolivreiro.pt\/index.php\/product\/ouro-no-pantano-poemas-maria-fernanda-p-d-c-marques-da-cunha-fanny\/","title":{"rendered":"OURO NO P\u00c2NTANO: Poemas &#8211; Maria Fernanda P.D.C. Marques da Cunha (Fanny)"},"content":{"rendered":"<p>OURO NO P\u00c2NTANO: Poemas<br \/>\nMaria Fernanda P.D.C. Marques da Cunha (Fanny)<br \/>\nAno de edi\u00e7\u00e3o: 1979<br \/>\nEditor: Edi\u00e7\u00e3o da autora<br \/>\nIdioma: Portugu\u00eas<br \/>\nDimens\u00f5es: 15.4 x 0.8 x 23 cm<br \/>\nEncaderna\u00e7\u00e3o: Capa mole<br \/>\nP\u00e1ginas: 103<\/p>\n","protected":false},"excerpt":{"rendered":"<p>OURO NO P\u00c2NTANO: Poemas Maria Fernanda P.D.C. Marques da Cunha (Fanny) Ano de edi\u00e7\u00e3o: 1979 Editor: Edi\u00e7\u00e3o da autora Idioma: Portugu\u00eas Dimens\u00f5es: 15.4 x 0.8 x 23 cm Encaderna\u00e7\u00e3o: Capa mole P\u00e1ginas: 103<\/p>\n","protected":false},"featured_media":705,"comment_status":"open","ping_status":"closed","template":"","meta":{"om_disable_all_campaigns":false,"_monsterinsights_skip_tracking":false,"_monsterinsights_sitenote_active":false,"_monsterinsights_sitenote_note":"","_monsterinsights_sitenote_category":0,"_uf_show_specific_survey":0,"_uf_disable_surveys":false},"product_cat":[27],"product_tag":[],"aioseo_notices":[],"jetpack_sharing_enabled":true,"_links":{"self":[{"href":"https:\/\/casadolivreiro.pt\/index.php\/wp-json\/wp\/v2\/product\/704"}],"collection":[{"href":"https:\/\/casadolivreiro.pt\/index.php\/wp-json\/wp\/v2\/product"}],"about":[{"href":"https:\/\/casadolivreiro.pt\/index.php\/wp-json\/wp\/v2\/types\/product"}],"replies":[{"embeddable":true,"href":"https:\/\/casadolivreiro.pt\/index.php\/wp-json\/wp\/v2\/comments?post=704"}],"wp:featuredmedia":[{"embeddable":true,"href":"https:\/\/casadolivreiro.pt\/index.php\/wp-json\/wp\/v2\/media\/705"}],"wp:attachment":[{"href":"https:\/\/casadolivreiro.pt\/index.php\/wp-json\/wp\/v2\/media?parent=704"}],"wp:term":[{"taxonomy":"product_cat","embeddable":true,"href":"https:\/\/casadolivreiro.pt\/index.php\/wp-json\/wp\/v2\/product_cat?post=704"},{"taxonomy":"product_tag","embeddable":true,"href":"https:\/\/casadolivreiro.pt\/index.php\/wp-json\/wp\/v2\/product_tag?post=704"}],"curies":[{"name":"wp","href":"https:\/\/api.w.org\/{rel}","templated":true}]}}