{"id":7039,"date":"2026-03-31T20:00:15","date_gmt":"2026-03-31T20:00:15","guid":{"rendered":"https:\/\/casadolivreiro.pt\/?post_type=product&#038;p=7039"},"modified":"2026-03-31T20:00:16","modified_gmt":"2026-03-31T20:00:16","slug":"a-morgadinha-dos-cannaviaes-vol-1-e-2-julio-diniz","status":"publish","type":"product","link":"https:\/\/casadolivreiro.pt\/index.php\/product\/a-morgadinha-dos-cannaviaes-vol-1-e-2-julio-diniz\/","title":{"rendered":"A MORGADINHA DOS CANNAVIAES Vol. 1 e 2 &#8211; Julio Diniz"},"content":{"rendered":"<p>A MORGADINHA DOS CANNAVIAES Vol. 1 e 2<\/p>\n<p>Julio Diniz<\/p>\n<p>Ano de edi\u00e7\u00e3o: 1932<\/p>\n<p>Editor: Livraria Lello &amp; Irm\u00e3o, Porto<\/p>\n<p>Idioma: Portugu\u00eas<\/p>\n<p>Dimens\u00f5es: 10.5 x 2.3 x 17.3cm<\/p>\n<p>Encaderna\u00e7\u00e3o: Capa dura<\/p>\n<p>P\u00e1ginas: 275 + 291<\/p>\n","protected":false},"excerpt":{"rendered":"<p>A MORGADINHA DOS CANNAVIAES Vol. 1 e 2 Julio Diniz Ano de edi\u00e7\u00e3o: 1932 Editor: Livraria Lello &amp; Irm\u00e3o, Porto Idioma: Portugu\u00eas Dimens\u00f5es: 10.5 x 2.3 x 17.3cm Encaderna\u00e7\u00e3o: Capa dura P\u00e1ginas: 275 + 291<\/p>\n","protected":false},"featured_media":7040,"comment_status":"open","ping_status":"closed","template":"","meta":{"om_disable_all_campaigns":false,"_monsterinsights_skip_tracking":false,"_monsterinsights_sitenote_active":false,"_monsterinsights_sitenote_note":"","_monsterinsights_sitenote_category":0,"_uf_show_specific_survey":0,"_uf_disable_surveys":false},"product_cat":[25],"product_tag":[],"aioseo_notices":[],"jetpack_sharing_enabled":true,"_links":{"self":[{"href":"https:\/\/casadolivreiro.pt\/index.php\/wp-json\/wp\/v2\/product\/7039"}],"collection":[{"href":"https:\/\/casadolivreiro.pt\/index.php\/wp-json\/wp\/v2\/product"}],"about":[{"href":"https:\/\/casadolivreiro.pt\/index.php\/wp-json\/wp\/v2\/types\/product"}],"replies":[{"embeddable":true,"href":"https:\/\/casadolivreiro.pt\/index.php\/wp-json\/wp\/v2\/comments?post=7039"}],"wp:featuredmedia":[{"embeddable":true,"href":"https:\/\/casadolivreiro.pt\/index.php\/wp-json\/wp\/v2\/media\/7040"}],"wp:attachment":[{"href":"https:\/\/casadolivreiro.pt\/index.php\/wp-json\/wp\/v2\/media?parent=7039"}],"wp:term":[{"taxonomy":"product_cat","embeddable":true,"href":"https:\/\/casadolivreiro.pt\/index.php\/wp-json\/wp\/v2\/product_cat?post=7039"},{"taxonomy":"product_tag","embeddable":true,"href":"https:\/\/casadolivreiro.pt\/index.php\/wp-json\/wp\/v2\/product_tag?post=7039"}],"curies":[{"name":"wp","href":"https:\/\/api.w.org\/{rel}","templated":true}]}}