{"id":7030,"date":"2026-03-31T19:53:18","date_gmt":"2026-03-31T19:53:18","guid":{"rendered":"https:\/\/casadolivreiro.pt\/?post_type=product&#038;p=7030"},"modified":"2026-03-31T19:53:18","modified_gmt":"2026-03-31T19:53:18","slug":"leon-morin-pretre-beatrix-beck","status":"publish","type":"product","link":"https:\/\/casadolivreiro.pt\/index.php\/product\/leon-morin-pretre-beatrix-beck\/","title":{"rendered":"L\u00c9ON MORIN PR\u00caTRE &#8211; B\u00e9atrix Beck"},"content":{"rendered":"<p>L\u00c9ON MORIN PR\u00caTRE<\/p>\n<p>B\u00e9atrix Beck<\/p>\n<p>Ano de edi\u00e7\u00e3o: 1954<\/p>\n<p>Editor: Gallimard, Paris<\/p>\n<p>Idioma: Franc\u00eas<\/p>\n<p>Dimens\u00f5es: 12 x 1.6 x 17cm<\/p>\n<p>Encaderna\u00e7\u00e3o: Capa dura<\/p>\n<p>P\u00e1ginas: 180<\/p>\n","protected":false},"excerpt":{"rendered":"<p>L\u00c9ON MORIN PR\u00caTRE B\u00e9atrix Beck Ano de edi\u00e7\u00e3o: 1954 Editor: Gallimard, Paris Idioma: Franc\u00eas Dimens\u00f5es: 12 x 1.6 x 17cm Encaderna\u00e7\u00e3o: Capa dura P\u00e1ginas: 180<\/p>\n","protected":false},"featured_media":7031,"comment_status":"open","ping_status":"closed","template":"","meta":{"om_disable_all_campaigns":false,"_monsterinsights_skip_tracking":false,"_monsterinsights_sitenote_active":false,"_monsterinsights_sitenote_note":"","_monsterinsights_sitenote_category":0,"_uf_show_specific_survey":0,"_uf_disable_surveys":false},"product_cat":[56],"product_tag":[],"aioseo_notices":[],"jetpack_sharing_enabled":true,"_links":{"self":[{"href":"https:\/\/casadolivreiro.pt\/index.php\/wp-json\/wp\/v2\/product\/7030"}],"collection":[{"href":"https:\/\/casadolivreiro.pt\/index.php\/wp-json\/wp\/v2\/product"}],"about":[{"href":"https:\/\/casadolivreiro.pt\/index.php\/wp-json\/wp\/v2\/types\/product"}],"replies":[{"embeddable":true,"href":"https:\/\/casadolivreiro.pt\/index.php\/wp-json\/wp\/v2\/comments?post=7030"}],"wp:featuredmedia":[{"embeddable":true,"href":"https:\/\/casadolivreiro.pt\/index.php\/wp-json\/wp\/v2\/media\/7031"}],"wp:attachment":[{"href":"https:\/\/casadolivreiro.pt\/index.php\/wp-json\/wp\/v2\/media?parent=7030"}],"wp:term":[{"taxonomy":"product_cat","embeddable":true,"href":"https:\/\/casadolivreiro.pt\/index.php\/wp-json\/wp\/v2\/product_cat?post=7030"},{"taxonomy":"product_tag","embeddable":true,"href":"https:\/\/casadolivreiro.pt\/index.php\/wp-json\/wp\/v2\/product_tag?post=7030"}],"curies":[{"name":"wp","href":"https:\/\/api.w.org\/{rel}","templated":true}]}}