{"id":703,"date":"2024-03-16T22:02:39","date_gmt":"2024-03-16T22:02:39","guid":{"rendered":"https:\/\/casadolivreiro.pt\/?post_type=product&#038;p=703"},"modified":"2024-03-16T22:02:39","modified_gmt":"2024-03-16T22:02:39","slug":"sem-epitafio-uma-antologia-claudio-rodriguez","status":"publish","type":"product","link":"https:\/\/casadolivreiro.pt\/index.php\/product\/sem-epitafio-uma-antologia-claudio-rodriguez\/","title":{"rendered":"SEM EPIT\u00c1FIO: uma antologia &#8211; Claudio Rodr\u00edguez"},"content":{"rendered":"<p>SEM EPIT\u00c1FIO: uma antologia<br \/>\nClaudio Rodr\u00edguez<br \/>\nTradu\u00e7\u00e3o de Miguel Filipe Mochila<br \/>\nSelec\u00e7\u00e3o de Sergio Garc\u00eda Garc\u00eda<br \/>\nAno de edi\u00e7\u00e3o: 2018<br \/>\nEditor: L\u00edngua Morta<br \/>\nIdioma: Portugu\u00eas<br \/>\nDimens\u00f5es: 13.5 x 2.1 x 20 cm<br \/>\nEncaderna\u00e7\u00e3o: Capa mole<br \/>\nP\u00e1ginas: 351<\/p>\n","protected":false},"excerpt":{"rendered":"<p>SEM EPIT\u00c1FIO: uma antologia Claudio Rodr\u00edguez Tradu\u00e7\u00e3o de Miguel Filipe Mochila Selec\u00e7\u00e3o de Sergio Garc\u00eda Garc\u00eda Ano de edi\u00e7\u00e3o: 2018 Editor: L\u00edngua Morta Idioma: Portugu\u00eas Dimens\u00f5es: 13.5 x 2.1 x 20 cm Encaderna\u00e7\u00e3o: Capa mole P\u00e1ginas: 351<\/p>\n","protected":false},"featured_media":691,"comment_status":"open","ping_status":"closed","template":"","meta":{"om_disable_all_campaigns":false,"_monsterinsights_skip_tracking":false,"_monsterinsights_sitenote_active":false,"_monsterinsights_sitenote_note":"","_monsterinsights_sitenote_category":0,"_uf_show_specific_survey":0,"_uf_disable_surveys":false},"product_cat":[27],"product_tag":[],"aioseo_notices":[],"jetpack_sharing_enabled":true,"_links":{"self":[{"href":"https:\/\/casadolivreiro.pt\/index.php\/wp-json\/wp\/v2\/product\/703"}],"collection":[{"href":"https:\/\/casadolivreiro.pt\/index.php\/wp-json\/wp\/v2\/product"}],"about":[{"href":"https:\/\/casadolivreiro.pt\/index.php\/wp-json\/wp\/v2\/types\/product"}],"replies":[{"embeddable":true,"href":"https:\/\/casadolivreiro.pt\/index.php\/wp-json\/wp\/v2\/comments?post=703"}],"wp:featuredmedia":[{"embeddable":true,"href":"https:\/\/casadolivreiro.pt\/index.php\/wp-json\/wp\/v2\/media\/691"}],"wp:attachment":[{"href":"https:\/\/casadolivreiro.pt\/index.php\/wp-json\/wp\/v2\/media?parent=703"}],"wp:term":[{"taxonomy":"product_cat","embeddable":true,"href":"https:\/\/casadolivreiro.pt\/index.php\/wp-json\/wp\/v2\/product_cat?post=703"},{"taxonomy":"product_tag","embeddable":true,"href":"https:\/\/casadolivreiro.pt\/index.php\/wp-json\/wp\/v2\/product_tag?post=703"}],"curies":[{"name":"wp","href":"https:\/\/api.w.org\/{rel}","templated":true}]}}