{"id":7026,"date":"2026-03-31T19:47:10","date_gmt":"2026-03-31T19:47:10","guid":{"rendered":"https:\/\/casadolivreiro.pt\/?post_type=product&#038;p=7026"},"modified":"2026-03-31T19:47:10","modified_gmt":"2026-03-31T19:47:10","slug":"o-homem-das-mil-invencoes-adolfo-simoes-muller","status":"publish","type":"product","link":"https:\/\/casadolivreiro.pt\/index.php\/product\/o-homem-das-mil-invencoes-adolfo-simoes-muller\/","title":{"rendered":"O HOMEM DAS MIL INVEN\u00c7\u00d5ES &#8211; Adolfo Sim\u00f5es M\u00fcller"},"content":{"rendered":"<p>O HOMEM DAS MIL INVEN\u00c7\u00d5ES<\/p>\n<p>Adolfo Sim\u00f5es M\u00fcller<\/p>\n<p>Ano de edi\u00e7\u00e3o: 1947<\/p>\n<p>Editor: Livraria Tavares Martins, Porto<\/p>\n<p>Idioma: Portugu\u00eas<\/p>\n<p>Dimens\u00f5es: 12.8 x 1.5 x 16.5cm<\/p>\n<p>Encaderna\u00e7\u00e3o: Capa mole<\/p>\n<p>P\u00e1ginas: 216<\/p>\n","protected":false},"excerpt":{"rendered":"<p>O HOMEM DAS MIL INVEN\u00c7\u00d5ES Adolfo Sim\u00f5es M\u00fcller Ano de edi\u00e7\u00e3o: 1947 Editor: Livraria Tavares Martins, Porto Idioma: Portugu\u00eas Dimens\u00f5es: 12.8 x 1.5 x 16.5cm Encaderna\u00e7\u00e3o: Capa mole P\u00e1ginas: 216<\/p>\n","protected":false},"featured_media":7027,"comment_status":"open","ping_status":"closed","template":"","meta":{"om_disable_all_campaigns":false,"_monsterinsights_skip_tracking":false,"_monsterinsights_sitenote_active":false,"_monsterinsights_sitenote_note":"","_monsterinsights_sitenote_category":0,"_uf_show_specific_survey":0,"_uf_disable_surveys":false},"product_cat":[28,32],"product_tag":[],"aioseo_notices":[],"jetpack_sharing_enabled":true,"_links":{"self":[{"href":"https:\/\/casadolivreiro.pt\/index.php\/wp-json\/wp\/v2\/product\/7026"}],"collection":[{"href":"https:\/\/casadolivreiro.pt\/index.php\/wp-json\/wp\/v2\/product"}],"about":[{"href":"https:\/\/casadolivreiro.pt\/index.php\/wp-json\/wp\/v2\/types\/product"}],"replies":[{"embeddable":true,"href":"https:\/\/casadolivreiro.pt\/index.php\/wp-json\/wp\/v2\/comments?post=7026"}],"wp:featuredmedia":[{"embeddable":true,"href":"https:\/\/casadolivreiro.pt\/index.php\/wp-json\/wp\/v2\/media\/7027"}],"wp:attachment":[{"href":"https:\/\/casadolivreiro.pt\/index.php\/wp-json\/wp\/v2\/media?parent=7026"}],"wp:term":[{"taxonomy":"product_cat","embeddable":true,"href":"https:\/\/casadolivreiro.pt\/index.php\/wp-json\/wp\/v2\/product_cat?post=7026"},{"taxonomy":"product_tag","embeddable":true,"href":"https:\/\/casadolivreiro.pt\/index.php\/wp-json\/wp\/v2\/product_tag?post=7026"}],"curies":[{"name":"wp","href":"https:\/\/api.w.org\/{rel}","templated":true}]}}