{"id":7024,"date":"2026-03-31T19:44:04","date_gmt":"2026-03-31T19:44:04","guid":{"rendered":"https:\/\/casadolivreiro.pt\/?post_type=product&#038;p=7024"},"modified":"2026-03-31T19:44:05","modified_gmt":"2026-03-31T19:44:05","slug":"perspectivas-a-arte-moderna-joseph-emile-muller","status":"publish","type":"product","link":"https:\/\/casadolivreiro.pt\/index.php\/product\/perspectivas-a-arte-moderna-joseph-emile-muller\/","title":{"rendered":"PERSPECTIVAS: A ARTE MODERNA &#8211; Joseph-Emile Muller"},"content":{"rendered":"<p>PERSPECTIVAS: A ARTE MODERNA<\/p>\n<p>Joseph-Emile Muller<\/p>\n<p>Tradu\u00e7\u00e3o de Ruy Belo<\/p>\n<p>Ano de edi\u00e7\u00e3o: 1964<\/p>\n<p>Biblioteca Perspectivas #7<\/p>\n<p>Editor: Editorial Presenca<\/p>\n<p>Idioma: Portugu\u00eas<\/p>\n<p>Dimens\u00f5es: 11.5 x 1.5 x 18.8cm<\/p>\n<p>Encaderna\u00e7\u00e3o: Capa mole<\/p>\n<p>P\u00e1ginas: 175<\/p>\n","protected":false},"excerpt":{"rendered":"<p>PERSPECTIVAS: A ARTE MODERNA Joseph-Emile Muller Tradu\u00e7\u00e3o de Ruy Belo Ano de edi\u00e7\u00e3o: 1964 Biblioteca Perspectivas #7 Editor: Editorial Presenca Idioma: Portugu\u00eas Dimens\u00f5es: 11.5 x 1.5 x 18.8cm Encaderna\u00e7\u00e3o: Capa mole P\u00e1ginas: 175<\/p>\n","protected":false},"featured_media":7025,"comment_status":"open","ping_status":"closed","template":"","meta":{"om_disable_all_campaigns":false,"_monsterinsights_skip_tracking":false,"_monsterinsights_sitenote_active":false,"_monsterinsights_sitenote_note":"","_monsterinsights_sitenote_category":0,"_uf_show_specific_survey":0,"_uf_disable_surveys":false},"product_cat":[24],"product_tag":[],"aioseo_notices":[],"jetpack_sharing_enabled":true,"_links":{"self":[{"href":"https:\/\/casadolivreiro.pt\/index.php\/wp-json\/wp\/v2\/product\/7024"}],"collection":[{"href":"https:\/\/casadolivreiro.pt\/index.php\/wp-json\/wp\/v2\/product"}],"about":[{"href":"https:\/\/casadolivreiro.pt\/index.php\/wp-json\/wp\/v2\/types\/product"}],"replies":[{"embeddable":true,"href":"https:\/\/casadolivreiro.pt\/index.php\/wp-json\/wp\/v2\/comments?post=7024"}],"wp:featuredmedia":[{"embeddable":true,"href":"https:\/\/casadolivreiro.pt\/index.php\/wp-json\/wp\/v2\/media\/7025"}],"wp:attachment":[{"href":"https:\/\/casadolivreiro.pt\/index.php\/wp-json\/wp\/v2\/media?parent=7024"}],"wp:term":[{"taxonomy":"product_cat","embeddable":true,"href":"https:\/\/casadolivreiro.pt\/index.php\/wp-json\/wp\/v2\/product_cat?post=7024"},{"taxonomy":"product_tag","embeddable":true,"href":"https:\/\/casadolivreiro.pt\/index.php\/wp-json\/wp\/v2\/product_tag?post=7024"}],"curies":[{"name":"wp","href":"https:\/\/api.w.org\/{rel}","templated":true}]}}