{"id":7022,"date":"2026-03-31T19:41:42","date_gmt":"2026-03-31T19:41:42","guid":{"rendered":"https:\/\/casadolivreiro.pt\/?post_type=product&#038;p=7022"},"modified":"2026-03-31T19:41:42","modified_gmt":"2026-03-31T19:41:42","slug":"os-fidalgos-da-casa-mourisca-julio-dinis","status":"publish","type":"product","link":"https:\/\/casadolivreiro.pt\/index.php\/product\/os-fidalgos-da-casa-mourisca-julio-dinis\/","title":{"rendered":"OS FIDALGOS DA CASA MOURISCA &#8211; J\u00falio Dinis"},"content":{"rendered":"<p>OS FIDALGOS DA CASA MOURISCA<\/p>\n<p>J\u00falio Dinis<\/p>\n<p>Ano de edi\u00e7\u00e3o:<\/p>\n<p>Biblioteca Lusiada<\/p>\n<p>Editor: Livraria Sim\u00f5es Lopes, Porto<\/p>\n<p>Idioma: Portugu\u00eas<\/p>\n<p>Dimens\u00f5es: 13.5 x 2 x 19.4cm<\/p>\n<p>Encaderna\u00e7\u00e3o: Capa mole<\/p>\n<p>P\u00e1ginas: 471<\/p>\n","protected":false},"excerpt":{"rendered":"<p>OS FIDALGOS DA CASA MOURISCA J\u00falio Dinis Ano de edi\u00e7\u00e3o: Biblioteca Lusiada Editor: Livraria Sim\u00f5es Lopes, Porto Idioma: Portugu\u00eas Dimens\u00f5es: 13.5 x 2 x 19.4cm Encaderna\u00e7\u00e3o: Capa mole P\u00e1ginas: 471<\/p>\n","protected":false},"featured_media":7023,"comment_status":"open","ping_status":"closed","template":"","meta":{"om_disable_all_campaigns":false,"_monsterinsights_skip_tracking":false,"_monsterinsights_sitenote_active":false,"_monsterinsights_sitenote_note":"","_monsterinsights_sitenote_category":0,"_uf_show_specific_survey":0,"_uf_disable_surveys":false},"product_cat":[25],"product_tag":[],"aioseo_notices":[],"jetpack_sharing_enabled":true,"_links":{"self":[{"href":"https:\/\/casadolivreiro.pt\/index.php\/wp-json\/wp\/v2\/product\/7022"}],"collection":[{"href":"https:\/\/casadolivreiro.pt\/index.php\/wp-json\/wp\/v2\/product"}],"about":[{"href":"https:\/\/casadolivreiro.pt\/index.php\/wp-json\/wp\/v2\/types\/product"}],"replies":[{"embeddable":true,"href":"https:\/\/casadolivreiro.pt\/index.php\/wp-json\/wp\/v2\/comments?post=7022"}],"wp:featuredmedia":[{"embeddable":true,"href":"https:\/\/casadolivreiro.pt\/index.php\/wp-json\/wp\/v2\/media\/7023"}],"wp:attachment":[{"href":"https:\/\/casadolivreiro.pt\/index.php\/wp-json\/wp\/v2\/media?parent=7022"}],"wp:term":[{"taxonomy":"product_cat","embeddable":true,"href":"https:\/\/casadolivreiro.pt\/index.php\/wp-json\/wp\/v2\/product_cat?post=7022"},{"taxonomy":"product_tag","embeddable":true,"href":"https:\/\/casadolivreiro.pt\/index.php\/wp-json\/wp\/v2\/product_tag?post=7022"}],"curies":[{"name":"wp","href":"https:\/\/api.w.org\/{rel}","templated":true}]}}