{"id":7016,"date":"2026-03-31T19:36:28","date_gmt":"2026-03-31T19:36:28","guid":{"rendered":"https:\/\/casadolivreiro.pt\/?post_type=product&#038;p=7016"},"modified":"2026-03-31T19:36:28","modified_gmt":"2026-03-31T19:36:28","slug":"die-augen-des-ewigen-bruders-eine-legende-stefan-zweig","status":"publish","type":"product","link":"https:\/\/casadolivreiro.pt\/index.php\/product\/die-augen-des-ewigen-bruders-eine-legende-stefan-zweig\/","title":{"rendered":"DIE AUGEN DES EWIGEN BRUDERS: Eine legende &#8211; Stefan Zweig"},"content":{"rendered":"<p>DIE AUGEN DES EWIGEN BRUDERS: Eine legende<\/p>\n<p>Stefan Zweig<\/p>\n<p>Ano de edi\u00e7\u00e3o:<\/p>\n<p>Editor: Meulenhoff\u2019s Sammlung Deutscher Schriftsteller<\/p>\n<p>Idioma: Alem\u00e3o<\/p>\n<p>Dimens\u00f5es: 11 x 0.9 x 17.4cm<\/p>\n<p>Encaderna\u00e7\u00e3o: Capa mole<\/p>\n<p>P\u00e1ginas: 122<\/p>\n","protected":false},"excerpt":{"rendered":"<p>DIE AUGEN DES EWIGEN BRUDERS: Eine legende Stefan Zweig Ano de edi\u00e7\u00e3o: Editor: Meulenhoff\u2019s Sammlung Deutscher Schriftsteller Idioma: Alem\u00e3o Dimens\u00f5es: 11 x 0.9 x 17.4cm Encaderna\u00e7\u00e3o: Capa mole P\u00e1ginas: 122<\/p>\n","protected":false},"featured_media":7017,"comment_status":"open","ping_status":"closed","template":"","meta":{"om_disable_all_campaigns":false,"_monsterinsights_skip_tracking":false,"_monsterinsights_sitenote_active":false,"_monsterinsights_sitenote_note":"","_monsterinsights_sitenote_category":0,"_uf_show_specific_survey":0,"_uf_disable_surveys":false},"product_cat":[58],"product_tag":[],"aioseo_notices":[],"jetpack_sharing_enabled":true,"_links":{"self":[{"href":"https:\/\/casadolivreiro.pt\/index.php\/wp-json\/wp\/v2\/product\/7016"}],"collection":[{"href":"https:\/\/casadolivreiro.pt\/index.php\/wp-json\/wp\/v2\/product"}],"about":[{"href":"https:\/\/casadolivreiro.pt\/index.php\/wp-json\/wp\/v2\/types\/product"}],"replies":[{"embeddable":true,"href":"https:\/\/casadolivreiro.pt\/index.php\/wp-json\/wp\/v2\/comments?post=7016"}],"wp:featuredmedia":[{"embeddable":true,"href":"https:\/\/casadolivreiro.pt\/index.php\/wp-json\/wp\/v2\/media\/7017"}],"wp:attachment":[{"href":"https:\/\/casadolivreiro.pt\/index.php\/wp-json\/wp\/v2\/media?parent=7016"}],"wp:term":[{"taxonomy":"product_cat","embeddable":true,"href":"https:\/\/casadolivreiro.pt\/index.php\/wp-json\/wp\/v2\/product_cat?post=7016"},{"taxonomy":"product_tag","embeddable":true,"href":"https:\/\/casadolivreiro.pt\/index.php\/wp-json\/wp\/v2\/product_tag?post=7016"}],"curies":[{"name":"wp","href":"https:\/\/api.w.org\/{rel}","templated":true}]}}