{"id":7014,"date":"2026-03-31T19:34:46","date_gmt":"2026-03-31T19:34:46","guid":{"rendered":"https:\/\/casadolivreiro.pt\/?post_type=product&#038;p=7014"},"modified":"2026-03-31T19:34:46","modified_gmt":"2026-03-31T19:34:46","slug":"confusao-de-sentimentos-stefan-zweig","status":"publish","type":"product","link":"https:\/\/casadolivreiro.pt\/index.php\/product\/confusao-de-sentimentos-stefan-zweig\/","title":{"rendered":"CONFUS\u00c3O DE SENTIMENTOS &#8211; Stefan Zweig"},"content":{"rendered":"<p>CONFUS\u00c3O DE SENTIMENTOS<\/p>\n<p>Stefan Zweig<\/p>\n<p>Tradu\u00e7\u00e3o de Alice Ogando<\/p>\n<p>Ano de edi\u00e7\u00e3o: 1937<\/p>\n<p>Editor: Livraria Civiliza\u00e7\u00e3o, Porto<\/p>\n<p>Idioma: Portugu\u00eas<\/p>\n<p>Dimens\u00f5es: 13.5 x 1.4 x 19.8cm<\/p>\n<p>Encaderna\u00e7\u00e3o: Capa mole<\/p>\n<p>P\u00e1ginas: 187<\/p>\n","protected":false},"excerpt":{"rendered":"<p>CONFUS\u00c3O DE SENTIMENTOS Stefan Zweig Tradu\u00e7\u00e3o de Alice Ogando Ano de edi\u00e7\u00e3o: 1937 Editor: Livraria Civiliza\u00e7\u00e3o, Porto Idioma: Portugu\u00eas Dimens\u00f5es: 13.5 x 1.4 x 19.8cm Encaderna\u00e7\u00e3o: Capa mole P\u00e1ginas: 187<\/p>\n","protected":false},"featured_media":7015,"comment_status":"open","ping_status":"closed","template":"","meta":{"om_disable_all_campaigns":false,"_monsterinsights_skip_tracking":false,"_monsterinsights_sitenote_active":false,"_monsterinsights_sitenote_note":"","_monsterinsights_sitenote_category":0,"_uf_show_specific_survey":0,"_uf_disable_surveys":false},"product_cat":[26],"product_tag":[],"aioseo_notices":[],"jetpack_sharing_enabled":true,"_links":{"self":[{"href":"https:\/\/casadolivreiro.pt\/index.php\/wp-json\/wp\/v2\/product\/7014"}],"collection":[{"href":"https:\/\/casadolivreiro.pt\/index.php\/wp-json\/wp\/v2\/product"}],"about":[{"href":"https:\/\/casadolivreiro.pt\/index.php\/wp-json\/wp\/v2\/types\/product"}],"replies":[{"embeddable":true,"href":"https:\/\/casadolivreiro.pt\/index.php\/wp-json\/wp\/v2\/comments?post=7014"}],"wp:featuredmedia":[{"embeddable":true,"href":"https:\/\/casadolivreiro.pt\/index.php\/wp-json\/wp\/v2\/media\/7015"}],"wp:attachment":[{"href":"https:\/\/casadolivreiro.pt\/index.php\/wp-json\/wp\/v2\/media?parent=7014"}],"wp:term":[{"taxonomy":"product_cat","embeddable":true,"href":"https:\/\/casadolivreiro.pt\/index.php\/wp-json\/wp\/v2\/product_cat?post=7014"},{"taxonomy":"product_tag","embeddable":true,"href":"https:\/\/casadolivreiro.pt\/index.php\/wp-json\/wp\/v2\/product_tag?post=7014"}],"curies":[{"name":"wp","href":"https:\/\/api.w.org\/{rel}","templated":true}]}}