{"id":7012,"date":"2026-03-31T19:33:00","date_gmt":"2026-03-31T19:33:00","guid":{"rendered":"https:\/\/casadolivreiro.pt\/?post_type=product&#038;p=7012"},"modified":"2026-03-31T19:33:00","modified_gmt":"2026-03-31T19:33:00","slug":"em-terras-distantes-augusto-cabral","status":"publish","type":"product","link":"https:\/\/casadolivreiro.pt\/index.php\/product\/em-terras-distantes-augusto-cabral\/","title":{"rendered":"EM TERRAS DISTANTES &#8211; Augusto Cabral"},"content":{"rendered":"<p>EM TERRAS DISTANTES<\/p>\n<p>Augusto Cabral<\/p>\n<p>Ano de edi\u00e7\u00e3o: 1932<\/p>\n<p>Editor: Edi\u00e7\u00f5es Spartacus, Lisboa<\/p>\n<p>Idioma: Portugu\u00eas<\/p>\n<p>Dimens\u00f5es: 12 x 2.4 x 18.3cm<\/p>\n<p>Encaderna\u00e7\u00e3o: Capa mole<\/p>\n<p>P\u00e1ginas: 299<\/p>\n","protected":false},"excerpt":{"rendered":"<p>EM TERRAS DISTANTES Augusto Cabral Ano de edi\u00e7\u00e3o: 1932 Editor: Edi\u00e7\u00f5es Spartacus, Lisboa Idioma: Portugu\u00eas Dimens\u00f5es: 12 x 2.4 x 18.3cm Encaderna\u00e7\u00e3o: Capa mole P\u00e1ginas: 299<\/p>\n","protected":false},"featured_media":7013,"comment_status":"open","ping_status":"closed","template":"","meta":{"om_disable_all_campaigns":false,"_monsterinsights_skip_tracking":false,"_monsterinsights_sitenote_active":false,"_monsterinsights_sitenote_note":"","_monsterinsights_sitenote_category":0,"_uf_show_specific_survey":0,"_uf_disable_surveys":false},"product_cat":[25,36,39],"product_tag":[],"aioseo_notices":[],"jetpack_sharing_enabled":true,"_links":{"self":[{"href":"https:\/\/casadolivreiro.pt\/index.php\/wp-json\/wp\/v2\/product\/7012"}],"collection":[{"href":"https:\/\/casadolivreiro.pt\/index.php\/wp-json\/wp\/v2\/product"}],"about":[{"href":"https:\/\/casadolivreiro.pt\/index.php\/wp-json\/wp\/v2\/types\/product"}],"replies":[{"embeddable":true,"href":"https:\/\/casadolivreiro.pt\/index.php\/wp-json\/wp\/v2\/comments?post=7012"}],"wp:featuredmedia":[{"embeddable":true,"href":"https:\/\/casadolivreiro.pt\/index.php\/wp-json\/wp\/v2\/media\/7013"}],"wp:attachment":[{"href":"https:\/\/casadolivreiro.pt\/index.php\/wp-json\/wp\/v2\/media?parent=7012"}],"wp:term":[{"taxonomy":"product_cat","embeddable":true,"href":"https:\/\/casadolivreiro.pt\/index.php\/wp-json\/wp\/v2\/product_cat?post=7012"},{"taxonomy":"product_tag","embeddable":true,"href":"https:\/\/casadolivreiro.pt\/index.php\/wp-json\/wp\/v2\/product_tag?post=7012"}],"curies":[{"name":"wp","href":"https:\/\/api.w.org\/{rel}","templated":true}]}}